{"id":6580,"date":"2025-05-14T15:08:53","date_gmt":"2025-05-14T13:08:53","guid":{"rendered":"https:\/\/want2work.nl\/?page_id=6580"},"modified":"2026-03-09T09:26:27","modified_gmt":"2026-03-09T08:26:27","slug":"certificeringen","status":"publish","type":"page","link":"https:\/\/want2work.nl\/ro\/certificeringen\/","title":{"rendered":"Certific\u0103ri"},"content":{"rendered":"<div data-elementor-type=\"wp-page\" data-elementor-id=\"6580\" class=\"elementor elementor-6580\" data-elementor-post-type=\"page\">\n\t\t\t\t<div class=\"elementor-element elementor-element-77ff5c5 e-flex e-con-boxed e-con e-parent\" data-id=\"77ff5c5\" data-element_type=\"container\" data-e-type=\"container\" id=\"certificeringen\" data-settings=\"{&quot;background_background&quot;:&quot;classic&quot;,&quot;jet_parallax_layout_list&quot;:[]}\">\n\t\t\t\t\t<div class=\"e-con-inner\">\n\t\t\t\t<div class=\"elementor-element elementor-element-6894105 elementor-widget-mobile__width-initial animated-fast elementor-invisible elementor-widget elementor-widget-heading\" data-id=\"6894105\" data-element_type=\"widget\" data-e-type=\"widget\" data-settings=\"{&quot;_animation&quot;:&quot;fadeInUp&quot;}\" data-widget_type=\"heading.default\">\n\t\t\t\t<div class=\"elementor-widget-container\">\n\t\t\t\t\t<h1 class=\"elementor-heading-title elementor-size-default\">Certificare \/ Parteneri de cooperare<\/h1>\t\t\t\t<\/div>\n\t\t\t\t<\/div>\n\t\t\t\t\t<\/div>\n\t\t\t\t<\/div>\n\t\t<div class=\"elementor-element elementor-element-9b8538a e-con-full e-flex e-con e-parent\" data-id=\"9b8538a\" data-element_type=\"container\" data-e-type=\"container\" data-settings=\"{&quot;jet_parallax_layout_list&quot;:[],&quot;background_background&quot;:&quot;classic&quot;}\">\n\t\t<div class=\"elementor-element elementor-element-24ad6f9 e-con-full elementor-hidden-desktop elementor-hidden-laptop elementor-hidden-tablet elementor-hidden-mobile e-flex e-con e-child\" data-id=\"24ad6f9\" data-element_type=\"container\" data-e-type=\"container\" data-settings=\"{&quot;jet_parallax_layout_list&quot;:[],&quot;background_background&quot;:&quot;classic&quot;}\">\n\t\t\t\t<div class=\"elementor-element elementor-element-2afaacc elementor-widget elementor-widget-image\" data-id=\"2afaacc\" data-element_type=\"widget\" data-e-type=\"widget\" data-widget_type=\"image.default\">\n\t\t\t\t<div class=\"elementor-widget-container\">\n\t\t\t\t\t\t\t\t\t\t\t\t\t\t\t<img alt=\"\" decoding=\"async\" width=\"173\" height=\"108\" src=\"https:\/\/want2work.nl\/wp-content\/uploads\/2025\/04\/NEN-4400-1.svg\" class=\"attachment-full size-full wp-image-6175\" \/>\t\t\t\t\t\t\t\t\t\t\t\t\t\t\t<\/div>\n\t\t\t\t<\/div>\n\t\t\t\t<div class=\"elementor-element elementor-element-ce8bc78 animated-fast elementor-invisible elementor-widget elementor-widget-text-editor\" data-id=\"ce8bc78\" data-element_type=\"widget\" data-e-type=\"widget\" data-settings=\"{&quot;_animation&quot;:&quot;fadeInUp&quot;}\" data-widget_type=\"text-editor.default\">\n\t\t\t\t<div class=\"elementor-widget-container\">\n\t\t\t\t\t\t\t\t\t<p>Want 2 Work respect\u0103 standardul NEN 4400-1, o marc\u0103 de calitate pentru organiza\u021biile care furnizeaz\u0103 personal, cum ar fi companiile de personal \u0219i de salarizare. Acest standard impune cerin\u021be stricte privind administrarea personalului \u0219i a salariilor \u0219i verific\u0103 dac\u0103 respect\u0103m toate obliga\u021biile legale. Printre acestea se num\u0103r\u0103 transferurile de fonduri, verificarea identit\u0103\u021bii \u0219i dreptul la munc\u0103. Datorit\u0103 acestei certific\u0103ri, clien\u021bii pot fi siguri c\u0103 oper\u0103m transparent \u0219i fiabil pe pia\u021ba muncii.<\/p>\t\t\t\t\t\t\t\t<\/div>\n\t\t\t\t<\/div>\n\t\t\t\t<\/div>\n\t\t<div class=\"elementor-element elementor-element-3254476 e-con-full e-flex e-con e-child\" data-id=\"3254476\" data-element_type=\"container\" data-e-type=\"container\" data-settings=\"{&quot;jet_parallax_layout_list&quot;:[],&quot;background_background&quot;:&quot;classic&quot;}\">\n\t\t\t\t<div class=\"elementor-element elementor-element-3ecb503 elementor-widget elementor-widget-image\" data-id=\"3ecb503\" data-element_type=\"widget\" data-e-type=\"widget\" data-widget_type=\"image.default\">\n\t\t\t\t<div class=\"elementor-widget-container\">\n\t\t\t\t\t\t\t\t\t\t\t\t\t\t\t<img alt=\"\" decoding=\"async\" width=\"147\" height=\"91\" src=\"https:\/\/want2work.nl\/wp-content\/uploads\/2024\/03\/Snf.svg\" class=\"attachment-full size-full wp-image-1250\" \/>\t\t\t\t\t\t\t\t\t\t\t\t\t\t\t<\/div>\n\t\t\t\t<\/div>\n\t\t\t\t<div class=\"elementor-element elementor-element-1eded02 animated-fast elementor-invisible elementor-widget elementor-widget-text-editor\" data-id=\"1eded02\" data-element_type=\"widget\" data-e-type=\"widget\" data-settings=\"{&quot;_animation&quot;:&quot;fadeInUp&quot;}\" data-widget_type=\"text-editor.default\">\n\t\t\t\t<div class=\"elementor-widget-container\">\n\t\t\t\t\t\t\t\t\tPentru organiza\u021biile care ofer\u0103 cazare lucr\u0103torilor migran\u021bi, exist\u0103 marca de calitate SNF a Stichting Normering Flexwonen. Want 2 Work de\u021bine acest certificat de mul\u021bi ani. Un audit independent are loc anual pentru a verifica dac\u0103 locuin\u021bele noastre \u00eendeplinesc standardele stabilite \u00een materie de siguran\u021b\u0103, intimitate \u0219i confort.<br><br>\nPrin acest semn distinctiv, demonstr\u0103m c\u0103 oferim cazare bun\u0103 \u0219i responsabil\u0103 pentru angaja\u021bii no\u0219tri.\n\t\t\t\t\t\t\t\t<\/div>\n\t\t\t\t<\/div>\n\t\t\t\t<\/div>\n\t\t\t\t<\/div>\n\t\t<div class=\"elementor-element elementor-element-9d58619 e-con-full e-flex e-con e-parent\" data-id=\"9d58619\" data-element_type=\"container\" data-e-type=\"container\" data-settings=\"{&quot;jet_parallax_layout_list&quot;:[],&quot;background_background&quot;:&quot;classic&quot;}\">\n\t\t<div class=\"elementor-element elementor-element-4d5da56 e-con-full e-flex e-con e-child\" data-id=\"4d5da56\" data-element_type=\"container\" data-e-type=\"container\" data-settings=\"{&quot;jet_parallax_layout_list&quot;:[],&quot;background_background&quot;:&quot;classic&quot;}\">\n\t\t\t\t<div class=\"elementor-element elementor-element-ab28836 elementor-widget elementor-widget-image\" data-id=\"ab28836\" data-element_type=\"widget\" data-e-type=\"widget\" data-widget_type=\"image.default\">\n\t\t\t\t<div class=\"elementor-widget-container\">\n\t\t\t\t\t\t\t\t\t\t\t\t\t\t\t<img alt=\"\" decoding=\"async\" width=\"311\" height=\"81\" src=\"https:\/\/want2work.nl\/wp-content\/uploads\/2024\/03\/SNA.svg\" class=\"attachment-full size-full wp-image-1251\" \/>\t\t\t\t\t\t\t\t\t\t\t\t\t\t\t<\/div>\n\t\t\t\t<\/div>\n\t\t\t\t<div class=\"elementor-element elementor-element-f53f2fb animated-fast elementor-invisible elementor-widget elementor-widget-text-editor\" data-id=\"f53f2fb\" data-element_type=\"widget\" data-e-type=\"widget\" data-settings=\"{&quot;_animation&quot;:&quot;fadeInUp&quot;}\" data-widget_type=\"text-editor.default\">\n\t\t\t\t<div class=\"elementor-widget-container\">\n\t\t\t\t\t\t\t\t\t<p>Want 2 Work este afiliat\u0103 la Stichting Normering Arbeid (SNA) \u0219i inclus\u0103 \u00een registrul oficial al companiilor de \u00eencredere financiar\u0103. Aceast\u0103 marc\u0103 de calitate arat\u0103 c\u0103 respect\u0103m cerin\u021be stricte, cum ar fi plata corect\u0103 a impozitelor pe salarii \u0219i a TVA-ului, conformitatea cu Legea privind salariul minim \u0219i efectuarea corect\u0103 a verific\u0103rilor de identitate. De asemenea, se verific\u0103 dac\u0103 angaja\u021bii no\u0219tri sunt autoriza\u021bi s\u0103 lucreze \u00een \u021a\u0103rile de Jos.<br \/>Cu acest sigiliu de aprobare, demonstr\u0103m c\u0103 suntem de \u00eencredere \u0219i func\u021bion\u0103m \u00een conformitate cu legile \u0219i reglement\u0103rile aplicabile.<\/p>\t\t\t\t\t\t\t\t<\/div>\n\t\t\t\t<\/div>\n\t\t\t\t<\/div>\n\t\t<div class=\"elementor-element elementor-element-632d65f e-con-full e-flex e-con e-child\" data-id=\"632d65f\" data-element_type=\"container\" data-e-type=\"container\" data-settings=\"{&quot;jet_parallax_layout_list&quot;:[],&quot;background_background&quot;:&quot;classic&quot;}\">\n\t\t\t\t<div class=\"elementor-element elementor-element-361d72d elementor-widget elementor-widget-image\" data-id=\"361d72d\" data-element_type=\"widget\" data-e-type=\"widget\" data-widget_type=\"image.default\">\n\t\t\t\t<div class=\"elementor-widget-container\">\n\t\t\t\t\t\t\t\t\t\t\t\t\t\t\t<img alt=\"\" loading=\"lazy\" decoding=\"async\" width=\"108\" height=\"108\" src=\"https:\/\/want2work.nl\/wp-content\/uploads\/2025\/04\/ABU-Keurmerk.svg\" class=\"attachment-full size-full wp-image-6177\" \/>\t\t\t\t\t\t\t\t\t\t\t\t\t\t\t<\/div>\n\t\t\t\t<\/div>\n\t\t\t\t<div class=\"elementor-element elementor-element-0fc552d animated-fast elementor-invisible elementor-widget elementor-widget-text-editor\" data-id=\"0fc552d\" data-element_type=\"widget\" data-e-type=\"widget\" data-settings=\"{&quot;_animation&quot;:&quot;fadeInUp&quot;}\" data-widget_type=\"text-editor.default\">\n\t\t\t\t<div class=\"elementor-widget-container\">\n\t\t\t\t\t\t\t\t\t<p>Want 2 Work este membru al ABU, asocia\u021bia comercial\u0103 a agen\u021biilor de munc\u0103 temporar\u0103, care reprezint\u0103 calitatea \u0219i fiabilitatea. \u00cen calitate de membru ABU, suntem verifica\u021bi \u00een mod regulat cu privire la obliga\u021biile noastre financiare, cum ar fi plata impozitelor \u0219i a contribu\u021biilor la asigur\u0103rile sociale. De asemenea, institu\u021bii independente verific\u0103 dac\u0103 controlul documentelor noastre este efectuat cu aten\u021bie \u0219i corect. De dou\u0103 ori pe an, un organism acreditat efectueaz\u0103 un audit aprofundat. \u00cen acest fel, ne asigur\u0103m c\u0103 respect\u0103m toate legile \u0219i reglement\u0103rile aplicabile, precum \u0219i standardele ridicate de calitate din industrie.<\/p>\t\t\t\t\t\t\t\t<\/div>\n\t\t\t\t<\/div>\n\t\t\t\t<\/div>\n\t\t\t\t<\/div>\n\t\t\t\t<\/div>","protected":false},"excerpt":{"rendered":"<p>Certificering \/ Samenwerkingspartners Want 2 Work voldoet aan de NEN 4400-1 norm, een keurmerk voor organisaties die personeel ter beschikking stellen, zoals uitzend- en payrollbedrijven. Deze norm stelt strenge eisen aan onze personeels- en loonadministratie en controleert of we voldoen aan alle wettelijke verplichtingen. Denk hierbij aan afdrachten, identiteitscontrole en het recht op arbeid. Dankzij [&hellip;]<\/p>\n","protected":false},"author":4,"featured_media":0,"parent":0,"menu_order":2,"comment_status":"closed","ping_status":"closed","template":"","meta":{"_seopress_robots_primary_cat":"","_seopress_titles_title":"","_seopress_titles_desc":"","_seopress_robots_index":"","footnotes":""},"class_list":["post-6580","page","type-page","status-publish","hentry"],"_links":{"self":[{"href":"https:\/\/want2work.nl\/ro\/wp-json\/wp\/v2\/pages\/6580","targetHints":{"allow":["GET"]}}],"collection":[{"href":"https:\/\/want2work.nl\/ro\/wp-json\/wp\/v2\/pages"}],"about":[{"href":"https:\/\/want2work.nl\/ro\/wp-json\/wp\/v2\/types\/page"}],"author":[{"embeddable":true,"href":"https:\/\/want2work.nl\/ro\/wp-json\/wp\/v2\/users\/4"}],"replies":[{"embeddable":true,"href":"https:\/\/want2work.nl\/ro\/wp-json\/wp\/v2\/comments?post=6580"}],"version-history":[{"count":10,"href":"https:\/\/want2work.nl\/ro\/wp-json\/wp\/v2\/pages\/6580\/revisions"}],"predecessor-version":[{"id":11395,"href":"https:\/\/want2work.nl\/ro\/wp-json\/wp\/v2\/pages\/6580\/revisions\/11395"}],"wp:attachment":[{"href":"https:\/\/want2work.nl\/ro\/wp-json\/wp\/v2\/media?parent=6580"}],"curies":[{"name":"wp","href":"https:\/\/api.w.org\/{rel}","templated":true}]}}