{"id":6567,"date":"2025-05-14T14:59:27","date_gmt":"2025-05-14T12:59:27","guid":{"rendered":"https:\/\/want2work.nl\/?page_id=6567"},"modified":"2025-06-19T10:10:17","modified_gmt":"2025-06-19T08:10:17","slug":"onze-mensen","status":"publish","type":"page","link":"https:\/\/want2work.nl\/ro\/onze-mensen\/","title":{"rendered":"Oamenii no\u0219tri"},"content":{"rendered":"<div data-elementor-type=\"wp-page\" data-elementor-id=\"6567\" class=\"elementor elementor-6567\" data-elementor-post-type=\"page\">\n\t\t\t\t<div class=\"elementor-element elementor-element-c92e166 e-con-full e-flex e-con e-parent\" data-id=\"c92e166\" data-element_type=\"container\" data-e-type=\"container\" id=\"over-ons\" data-settings=\"{&quot;jet_parallax_layout_list&quot;:[],&quot;background_background&quot;:&quot;classic&quot;}\">\n\t\t<div class=\"elementor-element elementor-element-79f20ac animated-fast e-flex e-con-boxed elementor-invisible e-con e-child\" data-id=\"79f20ac\" data-element_type=\"container\" data-e-type=\"container\" data-settings=\"{&quot;jet_parallax_layout_list&quot;:[],&quot;animation&quot;:&quot;fadeInUp&quot;}\">\n\t\t\t\t\t<div class=\"e-con-inner\">\n\t\t\t\t<div class=\"elementor-element elementor-element-83dd286 elementor-widget elementor-widget-image\" data-id=\"83dd286\" data-element_type=\"widget\" data-e-type=\"widget\" data-widget_type=\"image.default\">\n\t\t\t\t<div class=\"elementor-widget-container\">\n\t\t\t\t\t\t\t\t\t\t\t\t\t\t\t<img alt=\"\" fetchpriority=\"high\" decoding=\"async\" width=\"2048\" height=\"1365\" src=\"https:\/\/want2work.nl\/wp-content\/uploads\/2025\/04\/027_20240320_LotsofLieke_Angrisa_Want2work_LR.jpg\" class=\"attachment-full size-full wp-image-6335\" \/>\t\t\t\t\t\t\t\t\t\t\t\t\t\t\t<\/div>\n\t\t\t\t<\/div>\n\t\t\t\t\t<\/div>\n\t\t\t\t<\/div>\n\t\t<div class=\"elementor-element elementor-element-1c890fc animated-fast e-flex e-con-boxed elementor-invisible e-con e-child\" data-id=\"1c890fc\" data-element_type=\"container\" data-e-type=\"container\" data-settings=\"{&quot;jet_parallax_layout_list&quot;:[],&quot;animation&quot;:&quot;fadeInUp&quot;}\">\n\t\t\t\t\t<div class=\"e-con-inner\">\n\t\t\t\t<div class=\"elementor-element elementor-element-8bb2e66 elementor-widget-mobile__width-initial animated-fast elementor-invisible elementor-widget elementor-widget-heading\" data-id=\"8bb2e66\" data-element_type=\"widget\" data-e-type=\"widget\" data-settings=\"{&quot;_animation&quot;:&quot;fadeInUp&quot;}\" data-widget_type=\"heading.default\">\n\t\t\t\t<div class=\"elementor-widget-container\">\n\t\t\t\t\t<h1 class=\"elementor-heading-title elementor-size-default\">Oamenii no\u0219tri<\/h1>\t\t\t\t<\/div>\n\t\t\t\t<\/div>\n\t\t\t\t<div class=\"elementor-element elementor-element-0f1c4b0 animated-fast elementor-invisible elementor-widget elementor-widget-text-editor\" data-id=\"0f1c4b0\" data-element_type=\"widget\" data-e-type=\"widget\" data-settings=\"{&quot;_animation&quot;:&quot;fadeInUp&quot;}\" data-widget_type=\"text-editor.default\">\n\t\t\t\t<div class=\"elementor-widget-container\">\n\t\t\t\t\t\t\t\t\t<p>Oamenii no\u0219tri muncesc din greu \u0219i cu dedica\u021bie. Mul\u021bi dintre ei sunt lucr\u0103tori migran\u021bi din \u00eentreaga Europ\u0103 care \u00ee\u0219i las\u0103 \u00een urm\u0103 mediul familiar pentru a-\u0219i construi un viitor aici. Unii fac un pas curajos l\u0103s\u00e2nd \u00een urm\u0103 familia \u0219i prietenii, m\u00e2na\u021bi de dorin\u021ba de a profita de noi oportunit\u0103\u021bi \u0219i de a-\u0219i construi o via\u021b\u0103 mai bun\u0103. Fiecare are propria sa poveste, propriile vise \u0219i propriile provoc\u0103ri.<\/p><p>\u00cen ciuda acestei schimb\u0103ri majore, ei sunt hot\u0103r\u00e2\u021bi s\u0103 dea tot ce au mai bun \u00een fiecare zi. Unii se dezvolt\u0103 \u00een cadrul logisticii sau al produc\u021biei, \u00een timp ce al\u021bii se \u00eendreapt\u0103 \u00een cele din urm\u0103 c\u0103tre func\u021bii de birou. Indiferent de calea lor, ei primesc sprijinul \u0219i oportunit\u0103\u021bile de care au nevoie pentru a se dezvolta. Aici, nu este vorba doar despre munc\u0103, ci \u0219i despre construirea unui nou viitor.<\/p>\t\t\t\t\t\t\t\t<\/div>\n\t\t\t\t<\/div>\n\t\t\t\t\t<\/div>\n\t\t\t\t<\/div>\n\t\t\t\t<\/div>\n\t\t<div class=\"elementor-element elementor-element-20e5397 e-con-full e-flex e-con e-parent\" data-id=\"20e5397\" data-element_type=\"container\" data-e-type=\"container\" id=\"onze-mensen\" data-settings=\"{&quot;jet_parallax_layout_list&quot;:[],&quot;background_background&quot;:&quot;classic&quot;}\">\n\t\t<div class=\"elementor-element elementor-element-f63e38c animated-fast e-flex e-con-boxed elementor-invisible e-con e-child\" data-id=\"f63e38c\" data-element_type=\"container\" data-e-type=\"container\" data-settings=\"{&quot;jet_parallax_layout_list&quot;:[],&quot;animation&quot;:&quot;fadeInUp&quot;}\">\n\t\t\t\t\t<div class=\"e-con-inner\">\n\t\t\t\t<div class=\"elementor-element elementor-element-dd12a96 elementor-widget elementor-widget-image\" data-id=\"dd12a96\" data-element_type=\"widget\" data-e-type=\"widget\" data-widget_type=\"image.default\">\n\t\t\t\t<div class=\"elementor-widget-container\">\n\t\t\t\t\t\t\t\t\t\t\t\t\t\t\t<img alt=\"\" decoding=\"async\" width=\"1536\" height=\"2048\" src=\"https:\/\/want2work.nl\/wp-content\/uploads\/2025\/06\/pro-fS2tzRs5.jpg\" class=\"attachment-full size-full wp-image-7021\" \/>\t\t\t\t\t\t\t\t\t\t\t\t\t\t\t<\/div>\n\t\t\t\t<\/div>\n\t\t\t\t\t<\/div>\n\t\t\t\t<\/div>\n\t\t<div class=\"elementor-element elementor-element-4e7bd4e animated-fast e-flex e-con-boxed elementor-invisible e-con e-child\" data-id=\"4e7bd4e\" data-element_type=\"container\" data-e-type=\"container\" data-settings=\"{&quot;jet_parallax_layout_list&quot;:[],&quot;animation&quot;:&quot;fadeInUp&quot;}\">\n\t\t\t\t\t<div class=\"e-con-inner\">\n\t\t\t\t<div class=\"elementor-element elementor-element-d9907de elementor-widget-mobile__width-initial animated-fast elementor-invisible elementor-widget elementor-widget-heading\" data-id=\"d9907de\" data-element_type=\"widget\" data-e-type=\"widget\" data-settings=\"{&quot;_animation&quot;:&quot;fadeInUp&quot;}\" data-widget_type=\"heading.default\">\n\t\t\t\t<div class=\"elementor-widget-container\">\n\t\t\t\t\t<h1 class=\"elementor-heading-title elementor-size-default\">Alia\u021bi \u00een imagine<\/h1>\t\t\t\t<\/div>\n\t\t\t\t<\/div>\n\t\t\t\t<div class=\"elementor-element elementor-element-d43edbf animated-fast elementor-invisible elementor-widget elementor-widget-text-editor\" data-id=\"d43edbf\" data-element_type=\"widget\" data-e-type=\"widget\" data-settings=\"{&quot;_animation&quot;:&quot;fadeInUp&quot;}\" data-widget_type=\"text-editor.default\">\n\t\t\t\t<div class=\"elementor-widget-container\">\n\t\t\t\t\t\t\t\t\t<p>Fiecare angajat de la Want 2 Work \u00ee\u0219i aduce propria poveste, experien\u021b\u0103 \u0219i energie. \u00cempreun\u0103, ei formeaz\u0103 inima organiza\u021biei noastre. Recent, am \u00eenceput s\u0103 \u00eemp\u0103rt\u0103\u0219im aceste pove\u0219ti adesea necunoscute. Despre cum au ajuns aici, ce \u00eei motiveaz\u0103 \u0219i ce \u00eenseamn\u0103 pentru ei s\u0103 lucreze \u00een Olanda prin Want 2 Work.<\/p>\t\t\t\t\t\t\t\t<\/div>\n\t\t\t\t<\/div>\n\t\t\t\t<div class=\"elementor-element elementor-element-bc3fbb1 animated-fast elementor-invisible elementor-widget elementor-widget-button\" data-id=\"bc3fbb1\" data-element_type=\"widget\" data-e-type=\"widget\" data-settings=\"{&quot;_animation&quot;:&quot;fadeInUp&quot;}\" data-widget_type=\"button.default\">\n\t\t\t\t<div class=\"elementor-widget-container\">\n\t\t\t\t\t\t\t\t\t<div class=\"elementor-button-wrapper\">\n\t\t\t\t\t<a class=\"elementor-button elementor-button-link elementor-size-sm elementor-animation-shrink\" href=\"https:\/\/want2work.nl\/wp-content\/uploads\/2025\/06\/Het-verhaal-van-Aleksandrs-Want-2-Work.pdf\" target=\"_blank\">\n\t\t\t\t\t\t<span class=\"elementor-button-content-wrapper\">\n\t\t\t\t\t\t\t\t\t<span class=\"elementor-button-text\">Citi\u021bi povestea lui Alexandrs<\/span>\n\t\t\t\t\t<\/span>\n\t\t\t\t\t<\/a>\n\t\t\t\t<\/div>\n\t\t\t\t\t\t\t\t<\/div>\n\t\t\t\t<\/div>\n\t\t\t\t\t<\/div>\n\t\t\t\t<\/div>\n\t\t\t\t<\/div>\n\t\t\t\t<\/div>","protected":false},"excerpt":{"rendered":"<p>Onze mensen Onze mensen werken hard en met toewijding. Veel van hen zijn arbeidsmigranten uit heel Europa die hun vertrouwde omgeving achterlaten om hier een toekomst op te bouwen. Sommigen nemen een moedige stap door familie en vrienden achter te laten, gedreven door de wens om nieuwe kansen te grijpen en een beter bestaan op [&hellip;]<\/p>\n","protected":false},"author":4,"featured_media":0,"parent":0,"menu_order":2,"comment_status":"closed","ping_status":"closed","template":"","meta":{"_seopress_robots_primary_cat":"","_seopress_titles_title":"","_seopress_titles_desc":"","_seopress_robots_index":"","footnotes":""},"class_list":["post-6567","page","type-page","status-publish","hentry"],"_links":{"self":[{"href":"https:\/\/want2work.nl\/ro\/wp-json\/wp\/v2\/pages\/6567","targetHints":{"allow":["GET"]}}],"collection":[{"href":"https:\/\/want2work.nl\/ro\/wp-json\/wp\/v2\/pages"}],"about":[{"href":"https:\/\/want2work.nl\/ro\/wp-json\/wp\/v2\/types\/page"}],"author":[{"embeddable":true,"href":"https:\/\/want2work.nl\/ro\/wp-json\/wp\/v2\/users\/4"}],"replies":[{"embeddable":true,"href":"https:\/\/want2work.nl\/ro\/wp-json\/wp\/v2\/comments?post=6567"}],"version-history":[{"count":10,"href":"https:\/\/want2work.nl\/ro\/wp-json\/wp\/v2\/pages\/6567\/revisions"}],"predecessor-version":[{"id":7028,"href":"https:\/\/want2work.nl\/ro\/wp-json\/wp\/v2\/pages\/6567\/revisions\/7028"}],"wp:attachment":[{"href":"https:\/\/want2work.nl\/ro\/wp-json\/wp\/v2\/media?parent=6567"}],"curies":[{"name":"wp","href":"https:\/\/api.w.org\/{rel}","templated":true}]}}