{"id":1046,"date":"2024-03-26T15:44:45","date_gmt":"2024-03-26T14:44:45","guid":{"rendered":"https:\/\/want2work.nl\/?page_id=1046"},"modified":"2025-06-19T12:00:01","modified_gmt":"2025-06-19T10:00:01","slug":"over-ons","status":"publish","type":"page","link":"https:\/\/want2work.nl\/ro\/over-ons\/","title":{"rendered":"Despre noi"},"content":{"rendered":"<div data-elementor-type=\"wp-page\" data-elementor-id=\"1046\" class=\"elementor elementor-1046\" data-elementor-post-type=\"page\">\n\t\t\t\t<div class=\"elementor-element elementor-element-c92e166 e-con-full e-flex e-con e-parent\" data-id=\"c92e166\" data-element_type=\"container\" data-e-type=\"container\" id=\"over-ons\" data-settings=\"{&quot;jet_parallax_layout_list&quot;:[],&quot;background_background&quot;:&quot;classic&quot;}\">\n\t\t<div class=\"elementor-element elementor-element-79f20ac animated-fast e-flex e-con-boxed elementor-invisible e-con e-child\" data-id=\"79f20ac\" data-element_type=\"container\" data-e-type=\"container\" data-settings=\"{&quot;jet_parallax_layout_list&quot;:[],&quot;animation&quot;:&quot;fadeInUp&quot;}\">\n\t\t\t\t\t<div class=\"e-con-inner\">\n\t\t\t\t<div class=\"elementor-element elementor-element-83dd286 elementor-widget elementor-widget-image\" data-id=\"83dd286\" data-element_type=\"widget\" data-e-type=\"widget\" data-widget_type=\"image.default\">\n\t\t\t\t<div class=\"elementor-widget-container\">\n\t\t\t\t\t\t\t\t\t\t\t\t\t\t\t<img alt=\"\" fetchpriority=\"high\" decoding=\"async\" width=\"2048\" height=\"1366\" src=\"https:\/\/want2work.nl\/wp-content\/uploads\/2025\/04\/008_20250224_LotsofLieke_Angrisa_Want2work_LR.jpg\" class=\"attachment-full size-full wp-image-6279\" \/>\t\t\t\t\t\t\t\t\t\t\t\t\t\t\t<\/div>\n\t\t\t\t<\/div>\n\t\t\t\t\t<\/div>\n\t\t\t\t<\/div>\n\t\t<div class=\"elementor-element elementor-element-1c890fc animated-fast e-flex e-con-boxed elementor-invisible e-con e-child\" data-id=\"1c890fc\" data-element_type=\"container\" data-e-type=\"container\" data-settings=\"{&quot;jet_parallax_layout_list&quot;:[],&quot;animation&quot;:&quot;fadeInUp&quot;}\">\n\t\t\t\t\t<div class=\"e-con-inner\">\n\t\t\t\t<div class=\"elementor-element elementor-element-8bb2e66 elementor-widget-mobile__width-initial animated-fast elementor-invisible elementor-widget elementor-widget-heading\" data-id=\"8bb2e66\" data-element_type=\"widget\" data-e-type=\"widget\" data-settings=\"{&quot;_animation&quot;:&quot;fadeInUp&quot;}\" data-widget_type=\"heading.default\">\n\t\t\t\t<div class=\"elementor-widget-container\">\n\t\t\t\t\t<h1 class=\"elementor-heading-title elementor-size-default\">Despre noi<\/h1>\t\t\t\t<\/div>\n\t\t\t\t<\/div>\n\t\t\t\t<div class=\"elementor-element elementor-element-0f1c4b0 animated-fast elementor-invisible elementor-widget elementor-widget-text-editor\" data-id=\"0f1c4b0\" data-element_type=\"widget\" data-e-type=\"widget\" data-settings=\"{&quot;_animation&quot;:&quot;fadeInUp&quot;}\" data-widget_type=\"text-editor.default\">\n\t\t\t\t<div class=\"elementor-widget-container\">\n\t\t\t\t\t\t\t\t\t<p>Pentru noi, munca este mai mult dec\u00e2t un venit. Ofer\u0103 oportunit\u0103\u021bi de a cre\u0219te, de a folosi talentele \u0219i de a g\u0103si \u00eemplinirea. Acesta este motivul pentru care privim dincolo de un CV. Aducem personalitatea, abilit\u0103\u021bile \u0219i ambi\u021biile \u00eempreun\u0103 cu mediul de lucru potrivit.<\/p><p>Fie c\u0103 este vorba despre o misiune flexibil\u0103, o pozi\u021bie permanent\u0103 sau ceva \u00eentre acestea: la noi, totul se rezum\u0103 la munca care se potrive\u0219te. Pentru tine \u0219i pentru clien\u021bii no\u0219tri.<\/p>\t\t\t\t\t\t\t\t<\/div>\n\t\t\t\t<\/div>\n\t\t\t\t\t<\/div>\n\t\t\t\t<\/div>\n\t\t\t\t<\/div>\n\t\t<div class=\"elementor-element elementor-element-65ebd38 e-con-full e-flex e-con e-parent\" data-id=\"65ebd38\" data-element_type=\"container\" data-e-type=\"container\" id=\"onze-waarden\" data-settings=\"{&quot;background_background&quot;:&quot;classic&quot;,&quot;jet_parallax_layout_list&quot;:[]}\">\n\t\t<div class=\"elementor-element elementor-element-f52501c e-con-full e-flex e-con e-child\" data-id=\"f52501c\" data-element_type=\"container\" data-e-type=\"container\" data-settings=\"{&quot;jet_parallax_layout_list&quot;:[]}\">\n\t\t\t\t<div class=\"elementor-element elementor-element-3685cc3 elementor-widget-mobile__width-initial animated-fast elementor-invisible elementor-widget elementor-widget-heading\" data-id=\"3685cc3\" data-element_type=\"widget\" data-e-type=\"widget\" data-settings=\"{&quot;_animation&quot;:&quot;fadeInUp&quot;}\" data-widget_type=\"heading.default\">\n\t\t\t\t<div class=\"elementor-widget-container\">\n\t\t\t\t\t<h1 class=\"elementor-heading-title elementor-size-default\">Viziune<\/h1>\t\t\t\t<\/div>\n\t\t\t\t<\/div>\n\t\t\t\t<div class=\"elementor-element elementor-element-29a8f32 animated-fast elementor-invisible elementor-widget elementor-widget-text-editor\" data-id=\"29a8f32\" data-element_type=\"widget\" data-e-type=\"widget\" data-settings=\"{&quot;_animation&quot;:&quot;fadeInUp&quot;}\" data-widget_type=\"text-editor.default\">\n\t\t\t\t<div class=\"elementor-widget-container\">\n\t\t\t\t\t\t\t\t\t<p>Noi credem c\u0103 atunci c\u00e2nd pui oamenii pe primul loc, creezi medii de lucru \u00een care oamenii chiar vor s\u0103 lucreze<\/p>\t\t\t\t\t\t\t\t<\/div>\n\t\t\t\t<\/div>\n\t\t\t\t<\/div>\n\t\t<div class=\"elementor-element elementor-element-85e5923 e-con-full e-flex e-con e-child\" data-id=\"85e5923\" data-element_type=\"container\" data-e-type=\"container\" data-settings=\"{&quot;jet_parallax_layout_list&quot;:[]}\">\n\t\t\t\t<div class=\"elementor-element elementor-element-0529773 elementor-widget-mobile__width-initial animated-fast elementor-invisible elementor-widget elementor-widget-heading\" data-id=\"0529773\" data-element_type=\"widget\" data-e-type=\"widget\" data-settings=\"{&quot;_animation&quot;:&quot;fadeInUp&quot;}\" data-widget_type=\"heading.default\">\n\t\t\t\t<div class=\"elementor-widget-container\">\n\t\t\t\t\t<h1 class=\"elementor-heading-title elementor-size-default\">Misiune<\/h1>\t\t\t\t<\/div>\n\t\t\t\t<\/div>\n\t\t\t\t<div class=\"elementor-element elementor-element-bbc7947 animated-fast elementor-invisible elementor-widget elementor-widget-text-editor\" data-id=\"bbc7947\" data-element_type=\"widget\" data-e-type=\"widget\" data-settings=\"{&quot;_animation&quot;:&quot;fadeInUp&quot;}\" data-widget_type=\"text-editor.default\">\n\t\t\t\t<div class=\"elementor-widget-container\">\n\t\t\t\t\t\t\t\t\t<p>\u00cendrum\u0103m oamenii \u0219i companiile la locul de munc\u0103, conect\u00e2nd talentul \u0219i provoc\u0103rile opera\u021bionale. Astfel, ne asigur\u0103m c\u0103 \u00eentreprinderile \u00ee\u0219i ating obiectivele, iar angaja\u021bii \u00ee\u0219i pot exercita impactul pozitiv.<\/p>\t\t\t\t\t\t\t\t<\/div>\n\t\t\t\t<\/div>\n\t\t\t\t<\/div>\n\t\t<div class=\"elementor-element elementor-element-c4e7ee2 e-con-full e-flex e-con e-child\" data-id=\"c4e7ee2\" data-element_type=\"container\" data-e-type=\"container\" data-settings=\"{&quot;jet_parallax_layout_list&quot;:[]}\">\n\t\t\t\t<div class=\"elementor-element elementor-element-4ecf586 elementor-widget-mobile__width-initial animated-fast elementor-invisible elementor-widget elementor-widget-heading\" data-id=\"4ecf586\" data-element_type=\"widget\" data-e-type=\"widget\" data-settings=\"{&quot;_animation&quot;:&quot;fadeInUp&quot;}\" data-widget_type=\"heading.default\">\n\t\t\t\t<div class=\"elementor-widget-container\">\n\t\t\t\t\t<h1 class=\"elementor-heading-title elementor-size-default\">valori fundamentale<\/h1>\t\t\t\t<\/div>\n\t\t\t\t<\/div>\n\t\t\t\t<div class=\"elementor-element elementor-element-4d8c2a4 elementor-widget elementor-widget-n-accordion\" data-id=\"4d8c2a4\" data-element_type=\"widget\" data-e-type=\"widget\" data-settings=\"{&quot;default_state&quot;:&quot;all_collapsed&quot;,&quot;n_accordion_animation_duration&quot;:{&quot;unit&quot;:&quot;ms&quot;,&quot;size&quot;:0,&quot;sizes&quot;:[]},&quot;max_items_expended&quot;:&quot;one&quot;}\" data-widget_type=\"nested-accordion.default\">\n\t\t\t\t<div class=\"elementor-widget-container\">\n\t\t\t\t\t\t\t<div class=\"e-n-accordion\" aria-label=\"Acordeon. Deschide\u021bi linkurile cu Enter sau Space, \u00eenchide\u021bi-le cu Escape \u0219i naviga\u021bi cu tastele s\u0103geat\u0103\">\n\t\t\t\t\t\t<details id=\"e-n-accordion-item-8130\" class=\"e-n-accordion-item\" >\n\t\t\t\t<summary class=\"e-n-accordion-item-title\" data-accordion-index=\"1\" tabindex=\"0\" aria-expanded=\"false\" aria-controls=\"e-n-accordion-item-8130\" >\n\t\t\t\t\t<span class='e-n-accordion-item-title-header'><div class=\"e-n-accordion-item-title-text\"> Proprietate <\/div><\/span>\n\t\t\t\t\t\t\t\t\t<\/summary>\n\t\t\t\t<div role=\"region\" aria-labelledby=\"e-n-accordion-item-8130\" class=\"elementor-element elementor-element-616f74d e-con-full e-flex e-con e-child\" data-id=\"616f74d\" data-element_type=\"container\" data-e-type=\"container\" data-settings=\"{&quot;jet_parallax_layout_list&quot;:[]}\">\n\t\t\t\t<\/div>\n\t\t\t\t\t<\/details>\n\t\t\t\t\t\t<details id=\"e-n-accordion-item-8131\" class=\"e-n-accordion-item\" >\n\t\t\t\t<summary class=\"e-n-accordion-item-title\" data-accordion-index=\"2\" tabindex=\"-1\" aria-expanded=\"false\" aria-controls=\"e-n-accordion-item-8131\" >\n\t\t\t\t\t<span class='e-n-accordion-item-title-header'><div class=\"e-n-accordion-item-title-text\"> Curaj <\/div><\/span>\n\t\t\t\t\t\t\t\t\t<\/summary>\n\t\t\t\t<div role=\"region\" aria-labelledby=\"e-n-accordion-item-8131\" class=\"elementor-element elementor-element-f3bb37b e-con-full e-flex e-con e-child\" data-id=\"f3bb37b\" data-element_type=\"container\" data-e-type=\"container\" data-settings=\"{&quot;jet_parallax_layout_list&quot;:[]}\">\n\t\t\t\t<\/div>\n\t\t\t\t\t<\/details>\n\t\t\t\t\t\t<details id=\"e-n-accordion-item-8132\" class=\"e-n-accordion-item\" >\n\t\t\t\t<summary class=\"e-n-accordion-item-title\" data-accordion-index=\"3\" tabindex=\"-1\" aria-expanded=\"false\" aria-controls=\"e-n-accordion-item-8132\" >\n\t\t\t\t\t<span class='e-n-accordion-item-title-header'><div class=\"e-n-accordion-item-title-text\"> \u00cempreun\u0103 <\/div><\/span>\n\t\t\t\t\t\t\t\t\t<\/summary>\n\t\t\t\t<div role=\"region\" aria-labelledby=\"e-n-accordion-item-8132\" class=\"elementor-element elementor-element-2f0a1b7 e-con-full e-flex e-con e-child\" data-id=\"2f0a1b7\" data-element_type=\"container\" data-e-type=\"container\" data-settings=\"{&quot;jet_parallax_layout_list&quot;:[]}\">\n\t\t\t\t<\/div>\n\t\t\t\t\t<\/details>\n\t\t\t\t\t\t<details id=\"e-n-accordion-item-8133\" class=\"e-n-accordion-item\" >\n\t\t\t\t<summary class=\"e-n-accordion-item-title\" data-accordion-index=\"4\" tabindex=\"-1\" aria-expanded=\"false\" aria-controls=\"e-n-accordion-item-8133\" >\n\t\t\t\t\t<span class='e-n-accordion-item-title-header'><div class=\"e-n-accordion-item-title-text\"> Jovialitate <\/div><\/span>\n\t\t\t\t\t\t\t\t\t<\/summary>\n\t\t\t\t<div role=\"region\" aria-labelledby=\"e-n-accordion-item-8133\" class=\"elementor-element elementor-element-3bbf813 e-flex e-con-boxed e-con e-child\" data-id=\"3bbf813\" data-element_type=\"container\" data-e-type=\"container\" data-settings=\"{&quot;jet_parallax_layout_list&quot;:[]}\">\n\t\t\t\t\t<div class=\"e-con-inner\">\n\t\t\t\t\t<\/div>\n\t\t\t\t<\/div>\n\t\t\t\t\t<\/details>\n\t\t\t\t\t<\/div>\n\t\t\t\t\t\t<\/div>\n\t\t\t\t<\/div>\n\t\t\t\t<\/div>\n\t\t\t\t<\/div>\n\t\t<div class=\"elementor-element elementor-element-7d0a80b e-con-full e-flex e-con e-parent\" data-id=\"7d0a80b\" data-element_type=\"container\" data-e-type=\"container\" data-settings=\"{&quot;jet_parallax_layout_list&quot;:[],&quot;background_background&quot;:&quot;classic&quot;}\">\n\t\t<div class=\"elementor-element elementor-element-7e2e142 animated-fast e-con-full e-flex elementor-invisible e-con e-child\" data-id=\"7e2e142\" data-element_type=\"container\" data-e-type=\"container\" data-settings=\"{&quot;jet_parallax_layout_list&quot;:[],&quot;animation&quot;:&quot;fadeInUp&quot;}\">\n\t\t\t\t<div class=\"elementor-element elementor-element-652210f elementor-widget-mobile__width-initial animated-fast elementor-invisible elementor-widget elementor-widget-heading\" data-id=\"652210f\" data-element_type=\"widget\" data-e-type=\"widget\" data-settings=\"{&quot;_animation&quot;:&quot;fadeInUp&quot;}\" data-widget_type=\"heading.default\">\n\t\t\t\t<div class=\"elementor-widget-container\">\n\t\t\t\t\t<h1 class=\"elementor-heading-title elementor-size-default\">Munc\u0103, care func\u021bioneaz\u0103!<\/h1>\t\t\t\t<\/div>\n\t\t\t\t<\/div>\n\t\t\t\t<div class=\"elementor-element elementor-element-6ebf55f animated-fast elementor-invisible elementor-widget elementor-widget-text-editor\" data-id=\"6ebf55f\" data-element_type=\"widget\" data-e-type=\"widget\" data-settings=\"{&quot;_animation&quot;:&quot;fadeInUp&quot;}\" data-widget_type=\"text-editor.default\">\n\t\t\t\t<div class=\"elementor-widget-container\">\n\t\t\t\t\t\t\t\t\t<p>Timp de mul\u021bi ani, Want 2 Work a fost un partener de \u00eencredere pentru personal \u0219i nu numai. Construim rela\u021bii pe termen lung cu clien\u021bii \u0219i candida\u021bii no\u0219tri, av\u00e2nd ca baz\u0103 o comunicare clar\u0103 \u0219i linii scurte de comunicare.<\/p><p>Dar noi facem mai mult dec\u00e2t s\u0103 transmitem. Suntem o echip\u0103 pasionat\u0103 de oameni care cred \u00een puterea conexiunii. \u00cen fiecare zi, aducem talentul \u0219i munca \u00eempreun\u0103, la nivel local \u0219i interna\u021bional. Ajut\u0103m persoanele aflate \u00een c\u0103utarea unui loc de munc\u0103 s\u0103 g\u0103seasc\u0103 joburi care li se potrivesc cu adev\u0103rat, iar angajatorii s\u0103 g\u0103seasc\u0103 angaja\u021bi motiva\u021bi din \u00eentreaga Europ\u0103.<\/p><p>La Want 2 Work, privim dincolo de CV-uri. Ascult\u0103m, g\u00e2ndim \u00eempreun\u0103 cu dumneavoastr\u0103 \u0219i nu ne ferim de provoc\u0103ri. Ne asum\u0103m responsabilitatea pentru potrivire, precum \u0219i pentru oamenii din spatele postului.<\/p><p>Pentru c\u0103 asta este ceea ce sus\u021binem noi: munca care func\u021bioneaz\u0103. Pentru toat\u0103 lumea. Haide\u021bi s\u0103 cre\u0219tem \u00eempreun\u0103 \u0219i s\u0103 facem perechea potrivit\u0103.<\/p>\t\t\t\t\t\t\t\t<\/div>\n\t\t\t\t<\/div>\n\t\t\t\t<div class=\"elementor-element elementor-element-60e4b43 animated-fast elementor-tablet-align-center elementor-invisible elementor-widget elementor-widget-button\" data-id=\"60e4b43\" data-element_type=\"widget\" data-e-type=\"widget\" data-settings=\"{&quot;_animation&quot;:&quot;fadeInUp&quot;}\" data-widget_type=\"button.default\">\n\t\t\t\t<div class=\"elementor-widget-container\">\n\t\t\t\t\t\t\t\t\t<div class=\"elementor-button-wrapper\">\n\t\t\t\t\t<a class=\"elementor-button elementor-button-link elementor-size-sm elementor-animation-shrink\" href=\"https:\/\/want2work.nl\/ro\/contact\/\">\n\t\t\t\t\t\t<span class=\"elementor-button-content-wrapper\">\n\t\t\t\t\t\t\t\t\t<span class=\"elementor-button-text\">Intra\u021bi \u00een contact<\/span>\n\t\t\t\t\t<\/span>\n\t\t\t\t\t<\/a>\n\t\t\t\t<\/div>\n\t\t\t\t\t\t\t\t<\/div>\n\t\t\t\t<\/div>\n\t\t\t\t<\/div>\n\t\t\t\t<\/div>\n\t\t<div class=\"elementor-element elementor-element-89a6876 e-con-full e-flex e-con e-parent\" data-id=\"89a6876\" data-element_type=\"container\" data-e-type=\"container\" id=\"geschiedenis\" data-settings=\"{&quot;jet_parallax_layout_list&quot;:[],&quot;background_background&quot;:&quot;classic&quot;}\">\n\t\t<div class=\"elementor-element elementor-element-de5f505 animated-fast e-flex e-con-boxed elementor-invisible e-con e-child\" data-id=\"de5f505\" data-element_type=\"container\" data-e-type=\"container\" data-settings=\"{&quot;jet_parallax_layout_list&quot;:[],&quot;animation&quot;:&quot;fadeInUp&quot;}\">\n\t\t\t\t\t<div class=\"e-con-inner\">\n\t\t\t\t<div class=\"elementor-element elementor-element-415f058 elementor-widget elementor-widget-image\" data-id=\"415f058\" data-element_type=\"widget\" data-e-type=\"widget\" data-widget_type=\"image.default\">\n\t\t\t\t<div class=\"elementor-widget-container\">\n\t\t\t\t\t\t\t\t\t\t\t\t\t\t\t<img alt=\"\" decoding=\"async\" width=\"2048\" height=\"1365\" src=\"https:\/\/want2work.nl\/wp-content\/uploads\/2025\/06\/015_20240312_LotsofLieke_Angrisa_FactsNumbers_LR.jpg\" class=\"attachment-full size-full wp-image-6781\" \/>\t\t\t\t\t\t\t\t\t\t\t\t\t\t\t<\/div>\n\t\t\t\t<\/div>\n\t\t\t\t\t<\/div>\n\t\t\t\t<\/div>\n\t\t<div class=\"elementor-element elementor-element-efc949d animated-fast e-flex e-con-boxed elementor-invisible e-con e-child\" data-id=\"efc949d\" data-element_type=\"container\" data-e-type=\"container\" data-settings=\"{&quot;jet_parallax_layout_list&quot;:[],&quot;animation&quot;:&quot;fadeInUp&quot;}\">\n\t\t\t\t\t<div class=\"e-con-inner\">\n\t\t\t\t<div class=\"elementor-element elementor-element-d3d6837 elementor-widget-mobile__width-initial animated-fast elementor-invisible elementor-widget elementor-widget-heading\" data-id=\"d3d6837\" data-element_type=\"widget\" data-e-type=\"widget\" data-settings=\"{&quot;_animation&quot;:&quot;fadeInUp&quot;}\" data-widget_type=\"heading.default\">\n\t\t\t\t<div class=\"elementor-widget-container\">\n\t\t\t\t\t<h1 class=\"elementor-heading-title elementor-size-default\">C\u0103l\u0103toria noastr\u0103<\/h1>\t\t\t\t<\/div>\n\t\t\t\t<\/div>\n\t\t\t\t<div class=\"elementor-element elementor-element-cce01e8 animated-fast elementor-invisible elementor-widget elementor-widget-text-editor\" data-id=\"cce01e8\" data-element_type=\"widget\" data-e-type=\"widget\" data-settings=\"{&quot;_animation&quot;:&quot;fadeInUp&quot;}\" data-widget_type=\"text-editor.default\">\n\t\t\t\t<div class=\"elementor-widget-container\">\n\t\t\t\t\t\t\t\t\t<p>La 14 august 1992, Bertie van Rooij a \u00eenceput cu un obiectiv clar: s\u0103 creeze oportunit\u0103\u021bi pentru oameni \u0219i s\u0103 ofere sprijin \u00eentreprinderilor care doresc s\u0103 progreseze. Astfel s-a n\u0103scut Want 2 Work.<\/p><p>Ceea ce odat\u0103 a \u00eenceput ca un juc\u0103tor regional a devenit un specialist interna\u021bional \u00een logistic\u0103 \u0219i produc\u021bie. Cu un ochi pentru potrivirea potrivit\u0103 \u0219i un accent puternic pe cooperare, suntem un partener de \u00eencredere pentru lucr\u0103torii \u0219i angajatorii flexibili.<\/p><p>Din 1992, aducem oamenii \u0219i munca \u00eempreun\u0103. \u00cenc\u0103 o facem, \u00een fiecare zi, cu angajament deplin \u0219i cu un ochi \u00eendreptat spre viitor.<\/p>\t\t\t\t\t\t\t\t<\/div>\n\t\t\t\t<\/div>\n\t\t\t\t\t<\/div>\n\t\t\t\t<\/div>\n\t\t\t\t<\/div>\n\t\t<div class=\"elementor-element elementor-element-ff1a3d3 e-con-full e-flex e-con e-parent\" data-id=\"ff1a3d3\" data-element_type=\"container\" data-e-type=\"container\" id=\"angrisa-group\" data-settings=\"{&quot;background_background&quot;:&quot;classic&quot;,&quot;jet_parallax_layout_list&quot;:[]}\">\n\t\t<div class=\"elementor-element elementor-element-0b6caa4 e-con-full e-flex e-con e-child\" data-id=\"0b6caa4\" data-element_type=\"container\" data-e-type=\"container\" data-settings=\"{&quot;jet_parallax_layout_list&quot;:[]}\">\n\t\t\t\t<div class=\"elementor-element elementor-element-0e3595f elementor-widget-mobile__width-initial animated-fast elementor-invisible elementor-widget elementor-widget-heading\" data-id=\"0e3595f\" data-element_type=\"widget\" data-e-type=\"widget\" data-settings=\"{&quot;_animation&quot;:&quot;fadeInUp&quot;,&quot;_animation_delay&quot;:300}\" data-widget_type=\"heading.default\">\n\t\t\t\t<div class=\"elementor-widget-container\">\n\t\t\t\t\t<h1 class=\"elementor-heading-title elementor-size-default\">Angrisa Group<\/h1>\t\t\t\t<\/div>\n\t\t\t\t<\/div>\n\t\t\t\t<div class=\"elementor-element elementor-element-1b9b18e elementor-widget-mobile__width-initial animated-fast elementor-invisible elementor-widget elementor-widget-heading\" data-id=\"1b9b18e\" data-element_type=\"widget\" data-e-type=\"widget\" data-settings=\"{&quot;_animation&quot;:&quot;fadeInUp&quot;}\" data-widget_type=\"heading.default\">\n\t\t\t\t<div class=\"elementor-widget-container\">\n\t\t\t\t\t<h1 class=\"elementor-heading-title elementor-size-default\">O familie <br>de companii<\/h1>\t\t\t\t<\/div>\n\t\t\t\t<\/div>\n\t\t\t\t<\/div>\n\t\t<div class=\"elementor-element elementor-element-96cea2e e-con-full e-flex e-con e-child\" data-id=\"96cea2e\" data-element_type=\"container\" data-e-type=\"container\" data-settings=\"{&quot;jet_parallax_layout_list&quot;:[]}\">\n\t\t\t\t<div class=\"elementor-element elementor-element-dded493 animated-fast elementor-invisible elementor-widget elementor-widget-text-editor\" data-id=\"dded493\" data-element_type=\"widget\" data-e-type=\"widget\" data-settings=\"{&quot;_animation&quot;:&quot;fadeInUp&quot;}\" data-widget_type=\"text-editor.default\">\n\t\t\t\t<div class=\"elementor-widget-container\">\n\t\t\t\t\t\t\t\t\t<p>Want 2 Work face parte din Angrisa Group - leg\u0103tura dintre Stuwarooij, Certa Rental, The Facts and Numbers Company \u0219i noi \u00een\u0219ine.<\/p><p>Ca o familie unit\u0103 de companii, ne unim for\u021bele pentru a ob\u021bine cele mai bune rezultate nu numai din organiza\u021biile noastre, ci mai ales din oamenii care lucreaz\u0103 acolo.<\/p>\t\t\t\t\t\t\t\t<\/div>\n\t\t\t\t<\/div>\n\t\t\t\t<\/div>\n\t\t<div class=\"elementor-element elementor-element-12a8905 e-con-full e-flex e-con e-child\" data-id=\"12a8905\" data-element_type=\"container\" data-e-type=\"container\" data-settings=\"{&quot;jet_parallax_layout_list&quot;:[]}\">\n\t\t\t\t<div class=\"elementor-element elementor-element-cd15a20 animated-fast elementor-invisible elementor-widget elementor-widget-text-editor\" data-id=\"cd15a20\" data-element_type=\"widget\" data-e-type=\"widget\" data-settings=\"{&quot;_animation&quot;:&quot;fadeInUp&quot;}\" data-widget_type=\"text-editor.default\">\n\t\t\t\t<div class=\"elementor-widget-container\">\n\t\t\t\t\t\t\t\t\t<p>\u00cen cadrul acestei cooper\u0103ri, privim dincolo de ocuparea for\u021bei de munc\u0103. Datorit\u0103 sprijinului din partea grupului, putem ajuta persoanele aflate \u00een c\u0103utarea unui loc de munc\u0103 cu locuin\u021be, transport, orientare \u0219i dezvoltare personal\u0103. \u00cen acest fel, ne asigur\u0103m c\u0103 oamenii nu numai c\u0103 \u00ee\u0219i g\u0103sesc locuri de munc\u0103 potrivite, dar au \u0219i posibilitatea de a se dezvolta.<\/p>\t\t\t\t\t\t\t\t<\/div>\n\t\t\t\t<\/div>\n\t\t\t\t<\/div>\n\t\t<div class=\"elementor-element elementor-element-e4257cc e-con-full e-flex e-con e-child\" data-id=\"e4257cc\" data-element_type=\"container\" data-e-type=\"container\" data-settings=\"{&quot;jet_parallax_layout_list&quot;:[]}\">\n\t\t\t\t<div class=\"elementor-element elementor-element-800fc9c animated-fast elementor-invisible elementor-widget elementor-widget-text-editor\" data-id=\"800fc9c\" data-element_type=\"widget\" data-e-type=\"widget\" data-settings=\"{&quot;_animation&quot;:&quot;fadeInUp&quot;}\" data-widget_type=\"text-editor.default\">\n\t\t\t\t<div class=\"elementor-widget-container\">\n\t\t\t\t\t\t\t\t\t<p>Cu aceast\u0103 funda\u021bie solid\u0103, construim \u00eempreun\u0103 un viitor \u00een care oamenii \u0219i antreprenoriatul sunt esen\u021biale.<\/p><p><em>Dori\u021bi s\u0103 afla\u021bi mai multe despre Angrisa Group? Arunca\u021bi o privire la site-ul web!<\/em><\/p>\t\t\t\t\t\t\t\t<\/div>\n\t\t\t\t<\/div>\n\t\t\t\t<div class=\"elementor-element elementor-element-75b0c80 animated-fast elementor-invisible elementor-widget elementor-widget-button\" data-id=\"75b0c80\" data-element_type=\"widget\" data-e-type=\"widget\" data-settings=\"{&quot;_animation&quot;:&quot;fadeInUp&quot;}\" data-widget_type=\"button.default\">\n\t\t\t\t<div class=\"elementor-widget-container\">\n\t\t\t\t\t\t\t\t\t<div class=\"elementor-button-wrapper\">\n\t\t\t\t\t<a class=\"elementor-button elementor-button-link elementor-size-sm elementor-animation-shrink\" href=\"https:\/\/angrisagroup.nl\">\n\t\t\t\t\t\t<span class=\"elementor-button-content-wrapper\">\n\t\t\t\t\t\t\t\t\t<span class=\"elementor-button-text\">Vizita\u021bi site-ul web<\/span>\n\t\t\t\t\t<\/span>\n\t\t\t\t\t<\/a>\n\t\t\t\t<\/div>\n\t\t\t\t\t\t\t\t<\/div>\n\t\t\t\t<\/div>\n\t\t\t\t<\/div>\n\t\t\t\t<\/div>\n\t\t\t\t<\/div>","protected":false},"excerpt":{"rendered":"<p>Over ons Werk is voor ons meer dan een inkomen. Het biedt kansen om te groeien, talenten te benutten en voldoening te vinden. Daarom kijken we verder dan alleen een cv. We brengen persoonlijkheid, vaardigheden en ambities samen met de juiste werkomgeving. Of het nu gaat om een flexibele opdracht, een vaste functie of iets [&hellip;]<\/p>\n","protected":false},"author":1,"featured_media":0,"parent":0,"menu_order":2,"comment_status":"closed","ping_status":"closed","template":"","meta":{"_seopress_robots_primary_cat":"","_seopress_titles_title":"","_seopress_titles_desc":"","_seopress_robots_index":"","footnotes":""},"class_list":["post-1046","page","type-page","status-publish","hentry"],"_links":{"self":[{"href":"https:\/\/want2work.nl\/ro\/wp-json\/wp\/v2\/pages\/1046","targetHints":{"allow":["GET"]}}],"collection":[{"href":"https:\/\/want2work.nl\/ro\/wp-json\/wp\/v2\/pages"}],"about":[{"href":"https:\/\/want2work.nl\/ro\/wp-json\/wp\/v2\/types\/page"}],"author":[{"embeddable":true,"href":"https:\/\/want2work.nl\/ro\/wp-json\/wp\/v2\/users\/1"}],"replies":[{"embeddable":true,"href":"https:\/\/want2work.nl\/ro\/wp-json\/wp\/v2\/comments?post=1046"}],"version-history":[{"count":10,"href":"https:\/\/want2work.nl\/ro\/wp-json\/wp\/v2\/pages\/1046\/revisions"}],"predecessor-version":[{"id":7056,"href":"https:\/\/want2work.nl\/ro\/wp-json\/wp\/v2\/pages\/1046\/revisions\/7056"}],"wp:attachment":[{"href":"https:\/\/want2work.nl\/ro\/wp-json\/wp\/v2\/media?parent=1046"}],"curies":[{"name":"wp","href":"https:\/\/api.w.org\/{rel}","templated":true}]}}