{"id":6785,"date":"2025-06-17T18:17:22","date_gmt":"2025-06-17T16:17:22","guid":{"rendered":"https:\/\/want2work.nl\/?page_id=6785"},"modified":"2025-06-19T11:59:33","modified_gmt":"2025-06-19T09:59:33","slug":"onze-aanpak","status":"publish","type":"page","link":"https:\/\/want2work.nl\/pl\/onze-aanpak\/","title":{"rendered":"Nasze podej\u015bcie"},"content":{"rendered":"<div data-elementor-type=\"wp-page\" data-elementor-id=\"6785\" class=\"elementor elementor-6785\" data-elementor-post-type=\"page\">\n\t\t\t\t<div class=\"elementor-element elementor-element-c92e166 e-con-full e-flex e-con e-parent\" data-id=\"c92e166\" data-element_type=\"container\" data-e-type=\"container\" id=\"over-ons\" data-settings=\"{&quot;jet_parallax_layout_list&quot;:[],&quot;background_background&quot;:&quot;classic&quot;}\">\n\t\t<div class=\"elementor-element elementor-element-79f20ac animated-fast e-flex e-con-boxed elementor-invisible e-con e-child\" data-id=\"79f20ac\" data-element_type=\"container\" data-e-type=\"container\" data-settings=\"{&quot;jet_parallax_layout_list&quot;:[],&quot;animation&quot;:&quot;fadeInUp&quot;}\">\n\t\t\t\t\t<div class=\"e-con-inner\">\n\t\t\t\t<div class=\"elementor-element elementor-element-83dd286 elementor-widget elementor-widget-image\" data-id=\"83dd286\" data-element_type=\"widget\" data-e-type=\"widget\" data-widget_type=\"image.default\">\n\t\t\t\t<div class=\"elementor-widget-container\">\n\t\t\t\t\t\t\t\t\t\t\t\t\t\t\t<img alt=\"\" fetchpriority=\"high\" decoding=\"async\" width=\"2048\" height=\"1365\" src=\"https:\/\/want2work.nl\/wp-content\/uploads\/2025\/04\/002_20250224_LotsofLieke_Angrisa_Want2work_LR.jpg\" class=\"attachment-full size-full wp-image-6278\" \/>\t\t\t\t\t\t\t\t\t\t\t\t\t\t\t<\/div>\n\t\t\t\t<\/div>\n\t\t\t\t\t<\/div>\n\t\t\t\t<\/div>\n\t\t<div class=\"elementor-element elementor-element-1c890fc animated-fast e-flex e-con-boxed elementor-invisible e-con e-child\" data-id=\"1c890fc\" data-element_type=\"container\" data-e-type=\"container\" data-settings=\"{&quot;jet_parallax_layout_list&quot;:[],&quot;animation&quot;:&quot;fadeInUp&quot;}\">\n\t\t\t\t\t<div class=\"e-con-inner\">\n\t\t\t\t<div class=\"elementor-element elementor-element-945ae51 elementor-widget-mobile__width-initial animated-fast elementor-invisible elementor-widget elementor-widget-heading\" data-id=\"945ae51\" data-element_type=\"widget\" data-e-type=\"widget\" data-settings=\"{&quot;_animation&quot;:&quot;fadeInUp&quot;,&quot;_animation_delay&quot;:0}\" data-widget_type=\"heading.default\">\n\t\t\t\t<div class=\"elementor-widget-container\">\n\t\t\t\t\t<h1 class=\"elementor-heading-title elementor-size-default\">Odkryj nasze<\/h1>\t\t\t\t<\/div>\n\t\t\t\t<\/div>\n\t\t\t\t<div class=\"elementor-element elementor-element-8bb2e66 elementor-widget-mobile__width-initial animated-fast elementor-invisible elementor-widget elementor-widget-heading\" data-id=\"8bb2e66\" data-element_type=\"widget\" data-e-type=\"widget\" data-settings=\"{&quot;_animation&quot;:&quot;fadeInUp&quot;}\" data-widget_type=\"heading.default\">\n\t\t\t\t<div class=\"elementor-widget-container\">\n\t\t\t\t\t<h1 class=\"elementor-heading-title elementor-size-default\">Podej\u015bcie<\/h1>\t\t\t\t<\/div>\n\t\t\t\t<\/div>\n\t\t\t\t<div class=\"elementor-element elementor-element-0f1c4b0 animated-fast elementor-invisible elementor-widget elementor-widget-text-editor\" data-id=\"0f1c4b0\" data-element_type=\"widget\" data-e-type=\"widget\" data-settings=\"{&quot;_animation&quot;:&quot;fadeInUp&quot;}\" data-widget_type=\"text-editor.default\">\n\t\t\t\t<div class=\"elementor-widget-container\">\n\t\t\t\t\t\t\t\t\t<p>Razem robimy r\u00f3\u017cnic\u0119. Uwa\u017cnie s\u0142uchamy, sprawdzamy, czego potrzebuje Twoja organizacja i znajdujemy odpowiednich ludzi.<\/p><p>Od przejrzystych ofert pracy po skuteczne narz\u0119dzia rekrutacyjne. Dbamy o wszystko, od formalno\u015bci i zakwaterowania po ciep\u0142e powitanie i osobiste wsparcie.<\/p><p>Nawet po rozpocz\u0119ciu pozostajemy zaanga\u017cowani. W ten spos\u00f3b wsp\u00f3lnie budujemy silne partnerstwo. Jeste\u015b ciekawy, jak to robimy?<\/p>\t\t\t\t\t\t\t\t<\/div>\n\t\t\t\t<\/div>\n\t\t\t\t\t<\/div>\n\t\t\t\t<\/div>\n\t\t\t\t<\/div>\n\t\t<div class=\"elementor-element elementor-element-a5213c3 e-flex e-con-boxed e-con e-parent\" data-id=\"a5213c3\" data-element_type=\"container\" data-e-type=\"container\" data-settings=\"{&quot;background_background&quot;:&quot;classic&quot;,&quot;jet_parallax_layout_list&quot;:[]}\">\n\t\t\t\t\t<div class=\"e-con-inner\">\n\t\t<div class=\"elementor-element elementor-element-a419791 e-con-full e-flex e-con e-child\" data-id=\"a419791\" data-element_type=\"container\" data-e-type=\"container\" data-settings=\"{&quot;jet_parallax_layout_list&quot;:[]}\">\n\t\t\t\t<div class=\"elementor-element elementor-element-24829c9 elementor-widget-mobile__width-initial animated-fast elementor-invisible elementor-widget elementor-widget-heading\" data-id=\"24829c9\" data-element_type=\"widget\" data-e-type=\"widget\" data-settings=\"{&quot;_animation&quot;:&quot;fadeInUp&quot;}\" data-widget_type=\"heading.default\">\n\t\t\t\t<div class=\"elementor-widget-container\">\n\t\t\t\t\t<h1 class=\"elementor-heading-title elementor-size-default\">Od wgl\u0105du do dzia\u0142ania<\/h1>\t\t\t\t<\/div>\n\t\t\t\t<\/div>\n\t\t\t\t<\/div>\n\t\t<div class=\"elementor-element elementor-element-529f473 e-con-full e-flex e-con e-child\" data-id=\"529f473\" data-element_type=\"container\" data-e-type=\"container\" data-settings=\"{&quot;jet_parallax_layout_list&quot;:[]}\">\n\t\t\t\t<div class=\"elementor-element elementor-element-4e4ce4d animated-fast elementor-invisible elementor-widget elementor-widget-text-editor\" data-id=\"4e4ce4d\" data-element_type=\"widget\" data-e-type=\"widget\" data-settings=\"{&quot;_animation&quot;:&quot;fadeInUp&quot;}\" data-widget_type=\"text-editor.default\">\n\t\t\t\t<div class=\"elementor-widget-container\">\n\t\t\t\t\t\t\t\t\t<p>Wsp\u00f3lnie odkrywamy, czego potrzebuje Twoja organizacja. Przygl\u0105damy si\u0119 wyzwaniom, mo\u017cliwo\u015bciom i \u017cyczeniom. Bycie dobrym pracodawc\u0105 i dba\u0142o\u015b\u0107 o naszych pracownik\u00f3w tymczasowych s\u0105 dla nas najwa\u017cniejsze. Czy co\u015b pasuje? Wtedy idziemy dalej razem.<\/p>\t\t\t\t\t\t\t\t<\/div>\n\t\t\t\t<\/div>\n\t\t\t\t<\/div>\n\t\t\t\t\t<\/div>\n\t\t\t\t<\/div>\n\t\t<div class=\"elementor-element elementor-element-cf91838 e-flex e-con-boxed e-con e-parent\" data-id=\"cf91838\" data-element_type=\"container\" data-e-type=\"container\" data-settings=\"{&quot;background_background&quot;:&quot;classic&quot;,&quot;jet_parallax_layout_list&quot;:[]}\">\n\t\t\t\t\t<div class=\"e-con-inner\">\n\t\t<div class=\"elementor-element elementor-element-cc4a3f5 e-con-full e-flex e-con e-child\" data-id=\"cc4a3f5\" data-element_type=\"container\" data-e-type=\"container\" data-settings=\"{&quot;jet_parallax_layout_list&quot;:[]}\">\n\t\t\t\t<div class=\"elementor-element elementor-element-1807103 elementor-widget-mobile__width-initial animated-fast elementor-invisible elementor-widget elementor-widget-heading\" data-id=\"1807103\" data-element_type=\"widget\" data-e-type=\"widget\" data-settings=\"{&quot;_animation&quot;:&quot;fadeInUp&quot;}\" data-widget_type=\"heading.default\">\n\t\t\t\t<div class=\"elementor-widget-container\">\n\t\t\t\t\t<h1 class=\"elementor-heading-title elementor-size-default\">Rekrutacja<\/h1>\t\t\t\t<\/div>\n\t\t\t\t<\/div>\n\t\t\t\t<\/div>\n\t\t<div class=\"elementor-element elementor-element-46db0d2 e-con-full e-flex e-con e-child\" data-id=\"46db0d2\" data-element_type=\"container\" data-e-type=\"container\" data-settings=\"{&quot;jet_parallax_layout_list&quot;:[]}\">\n\t\t\t\t<div class=\"elementor-element elementor-element-99f08c1 animated-fast elementor-invisible elementor-widget elementor-widget-text-editor\" data-id=\"99f08c1\" data-element_type=\"widget\" data-e-type=\"widget\" data-settings=\"{&quot;_animation&quot;:&quot;fadeInUp&quot;}\" data-widget_type=\"text-editor.default\">\n\t\t\t\t<div class=\"elementor-widget-container\">\n\t\t\t\t\t\t\t\t\t<p>Tworzymy materia\u0142y rekrutacyjne, kt\u00f3re pasuj\u0105 do Twojej firmy i przemawiaj\u0105 do r\u00f3\u017cnych grup docelowych. W ten spos\u00f3b wsp\u00f3lnie znajdujemy odpowiednich ludzi.<\/p>\t\t\t\t\t\t\t\t<\/div>\n\t\t\t\t<\/div>\n\t\t\t\t<\/div>\n\t\t\t\t\t<\/div>\n\t\t\t\t<\/div>\n\t\t<div class=\"elementor-element elementor-element-a1235e6 e-flex e-con-boxed e-con e-parent\" data-id=\"a1235e6\" data-element_type=\"container\" data-e-type=\"container\" data-settings=\"{&quot;background_background&quot;:&quot;classic&quot;,&quot;jet_parallax_layout_list&quot;:[]}\">\n\t\t\t\t\t<div class=\"e-con-inner\">\n\t\t<div class=\"elementor-element elementor-element-9450509 e-con-full e-flex e-con e-child\" data-id=\"9450509\" data-element_type=\"container\" data-e-type=\"container\" data-settings=\"{&quot;jet_parallax_layout_list&quot;:[]}\">\n\t\t\t\t<div class=\"elementor-element elementor-element-436372e elementor-widget-mobile__width-initial animated-fast elementor-invisible elementor-widget elementor-widget-heading\" data-id=\"436372e\" data-element_type=\"widget\" data-e-type=\"widget\" data-settings=\"{&quot;_animation&quot;:&quot;fadeInUp&quot;}\" data-widget_type=\"heading.default\">\n\t\t\t\t<div class=\"elementor-widget-container\">\n\t\t\t\t\t<h1 class=\"elementor-heading-title elementor-size-default\">Wyb\u00f3r<\/h1>\t\t\t\t<\/div>\n\t\t\t\t<\/div>\n\t\t\t\t<\/div>\n\t\t<div class=\"elementor-element elementor-element-211553e e-con-full e-flex e-con e-child\" data-id=\"211553e\" data-element_type=\"container\" data-e-type=\"container\" data-settings=\"{&quot;jet_parallax_layout_list&quot;:[]}\">\n\t\t\t\t<div class=\"elementor-element elementor-element-cd94c05 animated-fast elementor-invisible elementor-widget elementor-widget-text-editor\" data-id=\"cd94c05\" data-element_type=\"widget\" data-e-type=\"widget\" data-settings=\"{&quot;_animation&quot;:&quot;fadeInUp&quot;}\" data-widget_type=\"text-editor.default\">\n\t\t\t\t<div class=\"elementor-widget-container\">\n\t\t\t\t\t\t\t\t\t<p>Czy kandydaci zostali znalezieni? Nast\u0119pnie zajmiemy si\u0119 reszt\u0105, od formalno\u015bci po zakwaterowanie. Dzi\u0119ki temu nowy pracownik mo\u017ce szybko rozpocz\u0105\u0107 prac\u0119.<\/p>\t\t\t\t\t\t\t\t<\/div>\n\t\t\t\t<\/div>\n\t\t\t\t<\/div>\n\t\t\t\t\t<\/div>\n\t\t\t\t<\/div>\n\t\t<div class=\"elementor-element elementor-element-3f60c07 e-flex e-con-boxed e-con e-parent\" data-id=\"3f60c07\" data-element_type=\"container\" data-e-type=\"container\" data-settings=\"{&quot;background_background&quot;:&quot;classic&quot;,&quot;jet_parallax_layout_list&quot;:[]}\">\n\t\t\t\t\t<div class=\"e-con-inner\">\n\t\t<div class=\"elementor-element elementor-element-db1dee5 e-con-full e-flex e-con e-child\" data-id=\"db1dee5\" data-element_type=\"container\" data-e-type=\"container\" data-settings=\"{&quot;jet_parallax_layout_list&quot;:[]}\">\n\t\t\t\t<div class=\"elementor-element elementor-element-1a80bff elementor-widget-mobile__width-initial animated-fast elementor-invisible elementor-widget elementor-widget-heading\" data-id=\"1a80bff\" data-element_type=\"widget\" data-e-type=\"widget\" data-settings=\"{&quot;_animation&quot;:&quot;fadeInUp&quot;}\" data-widget_type=\"heading.default\">\n\t\t\t\t<div class=\"elementor-widget-container\">\n\t\t\t\t\t<h1 class=\"elementor-heading-title elementor-size-default\">Zaczynamy z pewno\u015bci\u0105 siebie<\/h1>\t\t\t\t<\/div>\n\t\t\t\t<\/div>\n\t\t\t\t<\/div>\n\t\t<div class=\"elementor-element elementor-element-82a6128 e-con-full e-flex e-con e-child\" data-id=\"82a6128\" data-element_type=\"container\" data-e-type=\"container\" data-settings=\"{&quot;jet_parallax_layout_list&quot;:[]}\">\n\t\t\t\t<div class=\"elementor-element elementor-element-552f99e animated-fast elementor-invisible elementor-widget elementor-widget-text-editor\" data-id=\"552f99e\" data-element_type=\"widget\" data-e-type=\"widget\" data-settings=\"{&quot;_animation&quot;:&quot;fadeInUp&quot;}\" data-widget_type=\"text-editor.default\">\n\t\t\t\t<div class=\"elementor-widget-container\">\n\t\t\t\t\t\t\t\t\t<p>Rozumiemy, \u017ce nowa praca mo\u017ce by\u0107 ekscytuj\u0105ca. Dlatego organizujemy dzie\u0144 przyj\u0119\u0107, udzielamy jasnych wyja\u015bnie\u0144 i zapewniamy osobiste wskaz\u00f3wki. W ten spos\u00f3b ka\u017cdy nowy pracownik czuje si\u0119 mile widziany i mo\u017ce rozpocz\u0105\u0107 prac\u0119 z pewno\u015bci\u0105 siebie.<\/p>\t\t\t\t\t\t\t\t<\/div>\n\t\t\t\t<\/div>\n\t\t\t\t<\/div>\n\t\t\t\t\t<\/div>\n\t\t\t\t<\/div>\n\t\t<div class=\"elementor-element elementor-element-594166c e-flex e-con-boxed e-con e-parent\" data-id=\"594166c\" data-element_type=\"container\" data-e-type=\"container\" data-settings=\"{&quot;background_background&quot;:&quot;classic&quot;,&quot;jet_parallax_layout_list&quot;:[]}\">\n\t\t\t\t\t<div class=\"e-con-inner\">\n\t\t<div class=\"elementor-element elementor-element-fcef039 e-con-full e-flex e-con e-child\" data-id=\"fcef039\" data-element_type=\"container\" data-e-type=\"container\" data-settings=\"{&quot;jet_parallax_layout_list&quot;:[]}\">\n\t\t\t\t<div class=\"elementor-element elementor-element-1147256 elementor-widget-mobile__width-initial animated-fast elementor-invisible elementor-widget elementor-widget-heading\" data-id=\"1147256\" data-element_type=\"widget\" data-e-type=\"widget\" data-settings=\"{&quot;_animation&quot;:&quot;fadeInUp&quot;}\" data-widget_type=\"heading.default\">\n\t\t\t\t<div class=\"elementor-widget-container\">\n\t\t\t\t\t<h1 class=\"elementor-heading-title elementor-size-default\">Informacje zwrotne i ocena<\/h1>\t\t\t\t<\/div>\n\t\t\t\t<\/div>\n\t\t\t\t<\/div>\n\t\t<div class=\"elementor-element elementor-element-f3fd163 e-con-full e-flex e-con e-child\" data-id=\"f3fd163\" data-element_type=\"container\" data-e-type=\"container\" data-settings=\"{&quot;jet_parallax_layout_list&quot;:[]}\">\n\t\t\t\t<div class=\"elementor-element elementor-element-c455e15 animated-fast elementor-invisible elementor-widget elementor-widget-text-editor\" data-id=\"c455e15\" data-element_type=\"widget\" data-e-type=\"widget\" data-settings=\"{&quot;_animation&quot;:&quot;fadeInUp&quot;}\" data-widget_type=\"text-editor.default\">\n\t\t\t\t<div class=\"elementor-widget-container\">\n\t\t\t\t\t\t\t\t\t<p>Wsp\u00f3lne rozmowy, uwa\u017cne s\u0142uchanie i wyci\u0105ganie wniosk\u00f3w z do\u015bwiadcze\u0144. W ten spos\u00f3b budujemy przysz\u0142o\u015b\u0107, a Tw\u00f3j zesp\u00f3\u0142 pozostaje silny i gotowy na kolejny krok.<\/p>\t\t\t\t\t\t\t\t<\/div>\n\t\t\t\t<\/div>\n\t\t\t\t<\/div>\n\t\t\t\t\t<\/div>\n\t\t\t\t<\/div>\n\t\t\t\t<\/div>","protected":false},"excerpt":{"rendered":"<p>Ontdek onze Aanpak Het verschil maken we samen. We luisteren goed, kijken wat jouw organisatie nodig heeft en vinden de juiste mensen. Van duidelijke vacatures tot wervingsmateriaal dat werkt. Wij regelen alles, van papierwerk en huisvesting tot een warm welkom en persoonlijke begeleiding. Ook na de start blijven we betrokken. Zo bouwen we samen aan [&hellip;]<\/p>\n","protected":false},"author":4,"featured_media":0,"parent":0,"menu_order":2,"comment_status":"closed","ping_status":"closed","template":"","meta":{"_seopress_robots_primary_cat":"","_seopress_titles_title":"","_seopress_titles_desc":"","_seopress_robots_index":"","footnotes":""},"class_list":["post-6785","page","type-page","status-publish","hentry"],"_links":{"self":[{"href":"https:\/\/want2work.nl\/pl\/wp-json\/wp\/v2\/pages\/6785","targetHints":{"allow":["GET"]}}],"collection":[{"href":"https:\/\/want2work.nl\/pl\/wp-json\/wp\/v2\/pages"}],"about":[{"href":"https:\/\/want2work.nl\/pl\/wp-json\/wp\/v2\/types\/page"}],"author":[{"embeddable":true,"href":"https:\/\/want2work.nl\/pl\/wp-json\/wp\/v2\/users\/4"}],"replies":[{"embeddable":true,"href":"https:\/\/want2work.nl\/pl\/wp-json\/wp\/v2\/comments?post=6785"}],"version-history":[{"count":10,"href":"https:\/\/want2work.nl\/pl\/wp-json\/wp\/v2\/pages\/6785\/revisions"}],"predecessor-version":[{"id":7053,"href":"https:\/\/want2work.nl\/pl\/wp-json\/wp\/v2\/pages\/6785\/revisions\/7053"}],"wp:attachment":[{"href":"https:\/\/want2work.nl\/pl\/wp-json\/wp\/v2\/media?parent=6785"}],"curies":[{"name":"wp","href":"https:\/\/api.w.org\/{rel}","templated":true}]}}