{"id":6580,"date":"2025-05-14T15:08:53","date_gmt":"2025-05-14T13:08:53","guid":{"rendered":"https:\/\/want2work.nl\/?page_id=6580"},"modified":"2026-03-09T09:26:27","modified_gmt":"2026-03-09T08:26:27","slug":"certificeringen","status":"publish","type":"page","link":"https:\/\/want2work.nl\/pl\/certificeringen\/","title":{"rendered":"Certyfikaty"},"content":{"rendered":"<div data-elementor-type=\"wp-page\" data-elementor-id=\"6580\" class=\"elementor elementor-6580\" data-elementor-post-type=\"page\">\n\t\t\t\t<div class=\"elementor-element elementor-element-77ff5c5 e-flex e-con-boxed e-con e-parent\" data-id=\"77ff5c5\" data-element_type=\"container\" data-e-type=\"container\" id=\"certificeringen\" data-settings=\"{&quot;background_background&quot;:&quot;classic&quot;,&quot;jet_parallax_layout_list&quot;:[]}\">\n\t\t\t\t\t<div class=\"e-con-inner\">\n\t\t\t\t<div class=\"elementor-element elementor-element-6894105 elementor-widget-mobile__width-initial animated-fast elementor-invisible elementor-widget elementor-widget-heading\" data-id=\"6894105\" data-element_type=\"widget\" data-e-type=\"widget\" data-settings=\"{&quot;_animation&quot;:&quot;fadeInUp&quot;}\" data-widget_type=\"heading.default\">\n\t\t\t\t<div class=\"elementor-widget-container\">\n\t\t\t\t\t<h1 class=\"elementor-heading-title elementor-size-default\">Certyfikacja \/ Partnerzy do wsp\u00f3\u0142pracy<\/h1>\t\t\t\t<\/div>\n\t\t\t\t<\/div>\n\t\t\t\t\t<\/div>\n\t\t\t\t<\/div>\n\t\t<div class=\"elementor-element elementor-element-9b8538a e-con-full e-flex e-con e-parent\" data-id=\"9b8538a\" data-element_type=\"container\" data-e-type=\"container\" data-settings=\"{&quot;jet_parallax_layout_list&quot;:[],&quot;background_background&quot;:&quot;classic&quot;}\">\n\t\t<div class=\"elementor-element elementor-element-24ad6f9 e-con-full elementor-hidden-desktop elementor-hidden-laptop elementor-hidden-tablet elementor-hidden-mobile e-flex e-con e-child\" data-id=\"24ad6f9\" data-element_type=\"container\" data-e-type=\"container\" data-settings=\"{&quot;jet_parallax_layout_list&quot;:[],&quot;background_background&quot;:&quot;classic&quot;}\">\n\t\t\t\t<div class=\"elementor-element elementor-element-2afaacc elementor-widget elementor-widget-image\" data-id=\"2afaacc\" data-element_type=\"widget\" data-e-type=\"widget\" data-widget_type=\"image.default\">\n\t\t\t\t<div class=\"elementor-widget-container\">\n\t\t\t\t\t\t\t\t\t\t\t\t\t\t\t<img alt=\"\" decoding=\"async\" width=\"173\" height=\"108\" src=\"https:\/\/want2work.nl\/wp-content\/uploads\/2025\/04\/NEN-4400-1.svg\" class=\"attachment-full size-full wp-image-6175\" \/>\t\t\t\t\t\t\t\t\t\t\t\t\t\t\t<\/div>\n\t\t\t\t<\/div>\n\t\t\t\t<div class=\"elementor-element elementor-element-ce8bc78 animated-fast elementor-invisible elementor-widget elementor-widget-text-editor\" data-id=\"ce8bc78\" data-element_type=\"widget\" data-e-type=\"widget\" data-settings=\"{&quot;_animation&quot;:&quot;fadeInUp&quot;}\" data-widget_type=\"text-editor.default\">\n\t\t\t\t<div class=\"elementor-widget-container\">\n\t\t\t\t\t\t\t\t\t<p>Want 2 Work jest zgodny z norm\u0105 NEN 4400-1, znakiem jako\u015bci dla organizacji zapewniaj\u0105cych personel, takich jak firmy zajmuj\u0105ce si\u0119 kadrami i p\u0142acami. Norma ta nak\u0142ada surowe wymagania na nasz\u0105 administracj\u0119 kadrow\u0105 i p\u0142acow\u0105 oraz sprawdza, czy przestrzegamy wszystkich zobowi\u0105za\u0144 prawnych. Obejmuj\u0105 one przekazy pieni\u0119\u017cne, kontrole to\u017csamo\u015bci i prawo do pracy. Dzi\u0119ki temu certyfikatowi klienci mog\u0105 mie\u0107 pewno\u015b\u0107, \u017ce dzia\u0142amy w spos\u00f3b przejrzysty i rzetelny na rynku pracy.<\/p>\t\t\t\t\t\t\t\t<\/div>\n\t\t\t\t<\/div>\n\t\t\t\t<\/div>\n\t\t<div class=\"elementor-element elementor-element-3254476 e-con-full e-flex e-con e-child\" data-id=\"3254476\" data-element_type=\"container\" data-e-type=\"container\" data-settings=\"{&quot;jet_parallax_layout_list&quot;:[],&quot;background_background&quot;:&quot;classic&quot;}\">\n\t\t\t\t<div class=\"elementor-element elementor-element-3ecb503 elementor-widget elementor-widget-image\" data-id=\"3ecb503\" data-element_type=\"widget\" data-e-type=\"widget\" data-widget_type=\"image.default\">\n\t\t\t\t<div class=\"elementor-widget-container\">\n\t\t\t\t\t\t\t\t\t\t\t\t\t\t\t<img alt=\"\" decoding=\"async\" width=\"147\" height=\"91\" src=\"https:\/\/want2work.nl\/wp-content\/uploads\/2024\/03\/Snf.svg\" class=\"attachment-full size-full wp-image-1250\" \/>\t\t\t\t\t\t\t\t\t\t\t\t\t\t\t<\/div>\n\t\t\t\t<\/div>\n\t\t\t\t<div class=\"elementor-element elementor-element-1eded02 animated-fast elementor-invisible elementor-widget elementor-widget-text-editor\" data-id=\"1eded02\" data-element_type=\"widget\" data-e-type=\"widget\" data-settings=\"{&quot;_animation&quot;:&quot;fadeInUp&quot;}\" data-widget_type=\"text-editor.default\">\n\t\t\t\t<div class=\"elementor-widget-container\">\n\t\t\t\t\t\t\t\t\tOrganizacje oferuj\u0105ce zakwaterowanie pracownikom migruj\u0105cym posiadaj\u0105 znak jako\u015bci SNF przyznawany przez Stichting Normering Flexwonen. Want 2 Work posiada ten certyfikat od wielu lat. Co roku przeprowadzany jest niezale\u017cny audyt w celu sprawdzenia, czy nasze zakwaterowanie spe\u0142nia ustalone standardy w zakresie bezpiecze\u0144stwa, prywatno\u015bci i komfortu \u017cycia.<br><br>\nDzi\u0119ki temu znakowi pokazujemy, \u017ce zapewniamy naszym pracownikom dobre i odpowiedzialne zakwaterowanie.\n\t\t\t\t\t\t\t\t<\/div>\n\t\t\t\t<\/div>\n\t\t\t\t<\/div>\n\t\t\t\t<\/div>\n\t\t<div class=\"elementor-element elementor-element-9d58619 e-con-full e-flex e-con e-parent\" data-id=\"9d58619\" data-element_type=\"container\" data-e-type=\"container\" data-settings=\"{&quot;jet_parallax_layout_list&quot;:[],&quot;background_background&quot;:&quot;classic&quot;}\">\n\t\t<div class=\"elementor-element elementor-element-4d5da56 e-con-full e-flex e-con e-child\" data-id=\"4d5da56\" data-element_type=\"container\" data-e-type=\"container\" data-settings=\"{&quot;jet_parallax_layout_list&quot;:[],&quot;background_background&quot;:&quot;classic&quot;}\">\n\t\t\t\t<div class=\"elementor-element elementor-element-ab28836 elementor-widget elementor-widget-image\" data-id=\"ab28836\" data-element_type=\"widget\" data-e-type=\"widget\" data-widget_type=\"image.default\">\n\t\t\t\t<div class=\"elementor-widget-container\">\n\t\t\t\t\t\t\t\t\t\t\t\t\t\t\t<img alt=\"\" decoding=\"async\" width=\"311\" height=\"81\" src=\"https:\/\/want2work.nl\/wp-content\/uploads\/2024\/03\/SNA.svg\" class=\"attachment-full size-full wp-image-1251\" \/>\t\t\t\t\t\t\t\t\t\t\t\t\t\t\t<\/div>\n\t\t\t\t<\/div>\n\t\t\t\t<div class=\"elementor-element elementor-element-f53f2fb animated-fast elementor-invisible elementor-widget elementor-widget-text-editor\" data-id=\"f53f2fb\" data-element_type=\"widget\" data-e-type=\"widget\" data-settings=\"{&quot;_animation&quot;:&quot;fadeInUp&quot;}\" data-widget_type=\"text-editor.default\">\n\t\t\t\t<div class=\"elementor-widget-container\">\n\t\t\t\t\t\t\t\t\t<p>Want 2 Work jest zrzeszona w Stichting Normering Arbeid (SNA) i wpisana do oficjalnego rejestru firm wiarygodnych finansowo. Ten znak jako\u015bci potwierdza, \u017ce spe\u0142niamy surowe wymagania, takie jak prawid\u0142owe op\u0142acanie podatk\u00f3w od wynagrodze\u0144 i VAT, zgodno\u015b\u0107 z ustaw\u0105 o p\u0142acy minimalnej i prawid\u0142owe przeprowadzanie kontroli to\u017csamo\u015bci. Sprawdza r\u00f3wnie\u017c, czy nasi pracownicy s\u0105 uprawnieni do pracy w Holandii.<br \/>Dzi\u0119ki tej piecz\u0119ci wykazujemy, \u017ce jeste\u015bmy wiarygodni i dzia\u0142amy zgodnie z obowi\u0105zuj\u0105cymi przepisami i regulacjami.<\/p>\t\t\t\t\t\t\t\t<\/div>\n\t\t\t\t<\/div>\n\t\t\t\t<\/div>\n\t\t<div class=\"elementor-element elementor-element-632d65f e-con-full e-flex e-con e-child\" data-id=\"632d65f\" data-element_type=\"container\" data-e-type=\"container\" data-settings=\"{&quot;jet_parallax_layout_list&quot;:[],&quot;background_background&quot;:&quot;classic&quot;}\">\n\t\t\t\t<div class=\"elementor-element elementor-element-361d72d elementor-widget elementor-widget-image\" data-id=\"361d72d\" data-element_type=\"widget\" data-e-type=\"widget\" data-widget_type=\"image.default\">\n\t\t\t\t<div class=\"elementor-widget-container\">\n\t\t\t\t\t\t\t\t\t\t\t\t\t\t\t<img alt=\"\" loading=\"lazy\" decoding=\"async\" width=\"108\" height=\"108\" src=\"https:\/\/want2work.nl\/wp-content\/uploads\/2025\/04\/ABU-Keurmerk.svg\" class=\"attachment-full size-full wp-image-6177\" \/>\t\t\t\t\t\t\t\t\t\t\t\t\t\t\t<\/div>\n\t\t\t\t<\/div>\n\t\t\t\t<div class=\"elementor-element elementor-element-0fc552d animated-fast elementor-invisible elementor-widget elementor-widget-text-editor\" data-id=\"0fc552d\" data-element_type=\"widget\" data-e-type=\"widget\" data-settings=\"{&quot;_animation&quot;:&quot;fadeInUp&quot;}\" data-widget_type=\"text-editor.default\">\n\t\t\t\t<div class=\"elementor-widget-container\">\n\t\t\t\t\t\t\t\t\t<p>Want 2 Work jest cz\u0142onkiem ABU, stowarzyszenia bran\u017cowego agencji pracy tymczasowej, kt\u00f3re jest synonimem jako\u015bci i niezawodno\u015bci. Jako cz\u0142onek ABU jeste\u015bmy regularnie kontrolowani pod k\u0105tem naszych zobowi\u0105za\u0144 finansowych, takich jak p\u0142acenie podatk\u00f3w i sk\u0142adek na ubezpieczenie spo\u0142eczne. Niezale\u017cne instytucje sprawdzaj\u0105 r\u00f3wnie\u017c, czy nasza kontrola dokument\u00f3w jest przeprowadzana starannie i prawid\u0142owo. Dwa razy w roku przeprowadzany jest dok\u0142adny audyt przez akredytowany organ. W ten spos\u00f3b zapewniamy zgodno\u015b\u0107 ze wszystkimi obowi\u0105zuj\u0105cymi przepisami i regulacjami, a tak\u017ce z wysokimi standardami jako\u015bci w bran\u017cy.<\/p>\t\t\t\t\t\t\t\t<\/div>\n\t\t\t\t<\/div>\n\t\t\t\t<\/div>\n\t\t\t\t<\/div>\n\t\t\t\t<\/div>","protected":false},"excerpt":{"rendered":"<p>Certificering \/ Samenwerkingspartners Want 2 Work voldoet aan de NEN 4400-1 norm, een keurmerk voor organisaties die personeel ter beschikking stellen, zoals uitzend- en payrollbedrijven. Deze norm stelt strenge eisen aan onze personeels- en loonadministratie en controleert of we voldoen aan alle wettelijke verplichtingen. Denk hierbij aan afdrachten, identiteitscontrole en het recht op arbeid. Dankzij [&hellip;]<\/p>\n","protected":false},"author":4,"featured_media":0,"parent":0,"menu_order":2,"comment_status":"closed","ping_status":"closed","template":"","meta":{"_seopress_robots_primary_cat":"","_seopress_titles_title":"","_seopress_titles_desc":"","_seopress_robots_index":"","footnotes":""},"class_list":["post-6580","page","type-page","status-publish","hentry"],"_links":{"self":[{"href":"https:\/\/want2work.nl\/pl\/wp-json\/wp\/v2\/pages\/6580","targetHints":{"allow":["GET"]}}],"collection":[{"href":"https:\/\/want2work.nl\/pl\/wp-json\/wp\/v2\/pages"}],"about":[{"href":"https:\/\/want2work.nl\/pl\/wp-json\/wp\/v2\/types\/page"}],"author":[{"embeddable":true,"href":"https:\/\/want2work.nl\/pl\/wp-json\/wp\/v2\/users\/4"}],"replies":[{"embeddable":true,"href":"https:\/\/want2work.nl\/pl\/wp-json\/wp\/v2\/comments?post=6580"}],"version-history":[{"count":10,"href":"https:\/\/want2work.nl\/pl\/wp-json\/wp\/v2\/pages\/6580\/revisions"}],"predecessor-version":[{"id":11395,"href":"https:\/\/want2work.nl\/pl\/wp-json\/wp\/v2\/pages\/6580\/revisions\/11395"}],"wp:attachment":[{"href":"https:\/\/want2work.nl\/pl\/wp-json\/wp\/v2\/media?parent=6580"}],"curies":[{"name":"wp","href":"https:\/\/api.w.org\/{rel}","templated":true}]}}