{"id":6567,"date":"2025-05-14T14:59:27","date_gmt":"2025-05-14T12:59:27","guid":{"rendered":"https:\/\/want2work.nl\/?page_id=6567"},"modified":"2025-06-19T10:10:17","modified_gmt":"2025-06-19T08:10:17","slug":"onze-mensen","status":"publish","type":"page","link":"https:\/\/want2work.nl\/pl\/onze-mensen\/","title":{"rendered":"Nasi ludzie"},"content":{"rendered":"<div data-elementor-type=\"wp-page\" data-elementor-id=\"6567\" class=\"elementor elementor-6567\" data-elementor-post-type=\"page\">\n\t\t\t\t<div class=\"elementor-element elementor-element-c92e166 e-con-full e-flex e-con e-parent\" data-id=\"c92e166\" data-element_type=\"container\" data-e-type=\"container\" id=\"over-ons\" data-settings=\"{&quot;jet_parallax_layout_list&quot;:[],&quot;background_background&quot;:&quot;classic&quot;}\">\n\t\t<div class=\"elementor-element elementor-element-79f20ac animated-fast e-flex e-con-boxed elementor-invisible e-con e-child\" data-id=\"79f20ac\" data-element_type=\"container\" data-e-type=\"container\" data-settings=\"{&quot;jet_parallax_layout_list&quot;:[],&quot;animation&quot;:&quot;fadeInUp&quot;}\">\n\t\t\t\t\t<div class=\"e-con-inner\">\n\t\t\t\t<div class=\"elementor-element elementor-element-83dd286 elementor-widget elementor-widget-image\" data-id=\"83dd286\" data-element_type=\"widget\" data-e-type=\"widget\" data-widget_type=\"image.default\">\n\t\t\t\t<div class=\"elementor-widget-container\">\n\t\t\t\t\t\t\t\t\t\t\t\t\t\t\t<img alt=\"\" fetchpriority=\"high\" decoding=\"async\" width=\"2048\" height=\"1365\" src=\"https:\/\/want2work.nl\/wp-content\/uploads\/2025\/04\/027_20240320_LotsofLieke_Angrisa_Want2work_LR.jpg\" class=\"attachment-full size-full wp-image-6335\" \/>\t\t\t\t\t\t\t\t\t\t\t\t\t\t\t<\/div>\n\t\t\t\t<\/div>\n\t\t\t\t\t<\/div>\n\t\t\t\t<\/div>\n\t\t<div class=\"elementor-element elementor-element-1c890fc animated-fast e-flex e-con-boxed elementor-invisible e-con e-child\" data-id=\"1c890fc\" data-element_type=\"container\" data-e-type=\"container\" data-settings=\"{&quot;jet_parallax_layout_list&quot;:[],&quot;animation&quot;:&quot;fadeInUp&quot;}\">\n\t\t\t\t\t<div class=\"e-con-inner\">\n\t\t\t\t<div class=\"elementor-element elementor-element-8bb2e66 elementor-widget-mobile__width-initial animated-fast elementor-invisible elementor-widget elementor-widget-heading\" data-id=\"8bb2e66\" data-element_type=\"widget\" data-e-type=\"widget\" data-settings=\"{&quot;_animation&quot;:&quot;fadeInUp&quot;}\" data-widget_type=\"heading.default\">\n\t\t\t\t<div class=\"elementor-widget-container\">\n\t\t\t\t\t<h1 class=\"elementor-heading-title elementor-size-default\">Nasi ludzie<\/h1>\t\t\t\t<\/div>\n\t\t\t\t<\/div>\n\t\t\t\t<div class=\"elementor-element elementor-element-0f1c4b0 animated-fast elementor-invisible elementor-widget elementor-widget-text-editor\" data-id=\"0f1c4b0\" data-element_type=\"widget\" data-e-type=\"widget\" data-settings=\"{&quot;_animation&quot;:&quot;fadeInUp&quot;}\" data-widget_type=\"text-editor.default\">\n\t\t\t\t<div class=\"elementor-widget-container\">\n\t\t\t\t\t\t\t\t\t<p>Nasi pracownicy pracuj\u0105 ci\u0119\u017cko i z oddaniem. Wielu z nich to pracownicy migruj\u0105cy z ca\u0142ej Europy, kt\u00f3rzy opuszczaj\u0105 swoje znajome otoczenie, aby budowa\u0107 tutaj przysz\u0142o\u015b\u0107. Niekt\u00f3rzy podejmuj\u0105 odwa\u017cny krok, zostawiaj\u0105c rodzin\u0119 i przyjaci\u00f3\u0142, kieruj\u0105c si\u0119 ch\u0119ci\u0105 wykorzystania nowych mo\u017cliwo\u015bci i zbudowania lepszego \u017cycia. Ka\u017cdy z nich ma w\u0142asn\u0105 histori\u0119, w\u0142asne marzenia i w\u0142asne wyzwania.<\/p><p>Pomimo tej powa\u017cnej zmiany, ka\u017cdego dnia staraj\u0105 si\u0119 wykonywa\u0107 swoj\u0105 prac\u0119 jak najlepiej. Niekt\u00f3rzy rozwijaj\u0105 si\u0119 w logistyce lub produkcji, podczas gdy inni ostatecznie przechodz\u0105 na stanowiska biurowe. Niezale\u017cnie od obranej \u015bcie\u017cki, otrzymuj\u0105 wsparcie i mo\u017cliwo\u015bci rozwoju. Tutaj nie chodzi tylko o prac\u0119, ale tak\u017ce o budowanie nowej przysz\u0142o\u015bci.<\/p>\t\t\t\t\t\t\t\t<\/div>\n\t\t\t\t<\/div>\n\t\t\t\t\t<\/div>\n\t\t\t\t<\/div>\n\t\t\t\t<\/div>\n\t\t<div class=\"elementor-element elementor-element-20e5397 e-con-full e-flex e-con e-parent\" data-id=\"20e5397\" data-element_type=\"container\" data-e-type=\"container\" id=\"onze-mensen\" data-settings=\"{&quot;jet_parallax_layout_list&quot;:[],&quot;background_background&quot;:&quot;classic&quot;}\">\n\t\t<div class=\"elementor-element elementor-element-f63e38c animated-fast e-flex e-con-boxed elementor-invisible e-con e-child\" data-id=\"f63e38c\" data-element_type=\"container\" data-e-type=\"container\" data-settings=\"{&quot;jet_parallax_layout_list&quot;:[],&quot;animation&quot;:&quot;fadeInUp&quot;}\">\n\t\t\t\t\t<div class=\"e-con-inner\">\n\t\t\t\t<div class=\"elementor-element elementor-element-dd12a96 elementor-widget elementor-widget-image\" data-id=\"dd12a96\" data-element_type=\"widget\" data-e-type=\"widget\" data-widget_type=\"image.default\">\n\t\t\t\t<div class=\"elementor-widget-container\">\n\t\t\t\t\t\t\t\t\t\t\t\t\t\t\t<img alt=\"\" decoding=\"async\" width=\"1536\" height=\"2048\" src=\"https:\/\/want2work.nl\/wp-content\/uploads\/2025\/06\/pro-fS2tzRs5.jpg\" class=\"attachment-full size-full wp-image-7021\" \/>\t\t\t\t\t\t\t\t\t\t\t\t\t\t\t<\/div>\n\t\t\t\t<\/div>\n\t\t\t\t\t<\/div>\n\t\t\t\t<\/div>\n\t\t<div class=\"elementor-element elementor-element-4e7bd4e animated-fast e-flex e-con-boxed elementor-invisible e-con e-child\" data-id=\"4e7bd4e\" data-element_type=\"container\" data-e-type=\"container\" data-settings=\"{&quot;jet_parallax_layout_list&quot;:[],&quot;animation&quot;:&quot;fadeInUp&quot;}\">\n\t\t\t\t\t<div class=\"e-con-inner\">\n\t\t\t\t<div class=\"elementor-element elementor-element-d9907de elementor-widget-mobile__width-initial animated-fast elementor-invisible elementor-widget elementor-widget-heading\" data-id=\"d9907de\" data-element_type=\"widget\" data-e-type=\"widget\" data-settings=\"{&quot;_animation&quot;:&quot;fadeInUp&quot;}\" data-widget_type=\"heading.default\">\n\t\t\t\t<div class=\"elementor-widget-container\">\n\t\t\t\t\t<h1 class=\"elementor-heading-title elementor-size-default\">Sojusznicy na zdj\u0119ciu<\/h1>\t\t\t\t<\/div>\n\t\t\t\t<\/div>\n\t\t\t\t<div class=\"elementor-element elementor-element-d43edbf animated-fast elementor-invisible elementor-widget elementor-widget-text-editor\" data-id=\"d43edbf\" data-element_type=\"widget\" data-e-type=\"widget\" data-settings=\"{&quot;_animation&quot;:&quot;fadeInUp&quot;}\" data-widget_type=\"text-editor.default\">\n\t\t\t\t<div class=\"elementor-widget-container\">\n\t\t\t\t\t\t\t\t\t<p>Ka\u017cdy pracownik Want 2 Work wnosi w\u0142asn\u0105 histori\u0119, do\u015bwiadczenie i energi\u0119. Razem tworz\u0105 serce naszej organizacji. Niedawno zacz\u0119li\u015bmy dzieli\u0107 si\u0119 tymi cz\u0119sto nieznanymi historiami. O tym, jak si\u0119 tu znale\u017ali, co ich nap\u0119dza i co oznacza dla nich praca w Holandii za po\u015brednictwem Want 2 Work.<\/p>\t\t\t\t\t\t\t\t<\/div>\n\t\t\t\t<\/div>\n\t\t\t\t<div class=\"elementor-element elementor-element-bc3fbb1 animated-fast elementor-invisible elementor-widget elementor-widget-button\" data-id=\"bc3fbb1\" data-element_type=\"widget\" data-e-type=\"widget\" data-settings=\"{&quot;_animation&quot;:&quot;fadeInUp&quot;}\" data-widget_type=\"button.default\">\n\t\t\t\t<div class=\"elementor-widget-container\">\n\t\t\t\t\t\t\t\t\t<div class=\"elementor-button-wrapper\">\n\t\t\t\t\t<a class=\"elementor-button elementor-button-link elementor-size-sm elementor-animation-shrink\" href=\"https:\/\/want2work.nl\/wp-content\/uploads\/2025\/06\/Het-verhaal-van-Aleksandrs-Want-2-Work.pdf\" target=\"_blank\">\n\t\t\t\t\t\t<span class=\"elementor-button-content-wrapper\">\n\t\t\t\t\t\t\t\t\t<span class=\"elementor-button-text\">Przeczytaj histori\u0119 Alexandrsa<\/span>\n\t\t\t\t\t<\/span>\n\t\t\t\t\t<\/a>\n\t\t\t\t<\/div>\n\t\t\t\t\t\t\t\t<\/div>\n\t\t\t\t<\/div>\n\t\t\t\t\t<\/div>\n\t\t\t\t<\/div>\n\t\t\t\t<\/div>\n\t\t\t\t<\/div>","protected":false},"excerpt":{"rendered":"<p>Onze mensen Onze mensen werken hard en met toewijding. Veel van hen zijn arbeidsmigranten uit heel Europa die hun vertrouwde omgeving achterlaten om hier een toekomst op te bouwen. Sommigen nemen een moedige stap door familie en vrienden achter te laten, gedreven door de wens om nieuwe kansen te grijpen en een beter bestaan op [&hellip;]<\/p>\n","protected":false},"author":4,"featured_media":0,"parent":0,"menu_order":2,"comment_status":"closed","ping_status":"closed","template":"","meta":{"_seopress_robots_primary_cat":"","_seopress_titles_title":"","_seopress_titles_desc":"","_seopress_robots_index":"","footnotes":""},"class_list":["post-6567","page","type-page","status-publish","hentry"],"_links":{"self":[{"href":"https:\/\/want2work.nl\/pl\/wp-json\/wp\/v2\/pages\/6567","targetHints":{"allow":["GET"]}}],"collection":[{"href":"https:\/\/want2work.nl\/pl\/wp-json\/wp\/v2\/pages"}],"about":[{"href":"https:\/\/want2work.nl\/pl\/wp-json\/wp\/v2\/types\/page"}],"author":[{"embeddable":true,"href":"https:\/\/want2work.nl\/pl\/wp-json\/wp\/v2\/users\/4"}],"replies":[{"embeddable":true,"href":"https:\/\/want2work.nl\/pl\/wp-json\/wp\/v2\/comments?post=6567"}],"version-history":[{"count":10,"href":"https:\/\/want2work.nl\/pl\/wp-json\/wp\/v2\/pages\/6567\/revisions"}],"predecessor-version":[{"id":7028,"href":"https:\/\/want2work.nl\/pl\/wp-json\/wp\/v2\/pages\/6567\/revisions\/7028"}],"wp:attachment":[{"href":"https:\/\/want2work.nl\/pl\/wp-json\/wp\/v2\/media?parent=6567"}],"curies":[{"name":"wp","href":"https:\/\/api.w.org\/{rel}","templated":true}]}}