{"id":6580,"date":"2025-05-14T15:08:53","date_gmt":"2025-05-14T13:08:53","guid":{"rendered":"https:\/\/want2work.nl\/?page_id=6580"},"modified":"2026-03-09T09:26:27","modified_gmt":"2026-03-09T08:26:27","slug":"certificeringen","status":"publish","type":"page","link":"https:\/\/want2work.nl\/es\/certificeringen\/","title":{"rendered":"Certificaciones"},"content":{"rendered":"<div data-elementor-type=\"wp-page\" data-elementor-id=\"6580\" class=\"elementor elementor-6580\" data-elementor-post-type=\"page\">\n\t\t\t\t<div class=\"elementor-element elementor-element-77ff5c5 e-flex e-con-boxed e-con e-parent\" data-id=\"77ff5c5\" data-element_type=\"container\" data-e-type=\"container\" id=\"certificeringen\" data-settings=\"{&quot;background_background&quot;:&quot;classic&quot;,&quot;jet_parallax_layout_list&quot;:[]}\">\n\t\t\t\t\t<div class=\"e-con-inner\">\n\t\t\t\t<div class=\"elementor-element elementor-element-6894105 elementor-widget-mobile__width-initial animated-fast elementor-invisible elementor-widget elementor-widget-heading\" data-id=\"6894105\" data-element_type=\"widget\" data-e-type=\"widget\" data-settings=\"{&quot;_animation&quot;:&quot;fadeInUp&quot;}\" data-widget_type=\"heading.default\">\n\t\t\t\t<div class=\"elementor-widget-container\">\n\t\t\t\t\t<h1 class=\"elementor-heading-title elementor-size-default\">Certificaci\u00f3n \/ Socios colaboradores<\/h1>\t\t\t\t<\/div>\n\t\t\t\t<\/div>\n\t\t\t\t\t<\/div>\n\t\t\t\t<\/div>\n\t\t<div class=\"elementor-element elementor-element-9b8538a e-con-full e-flex e-con e-parent\" data-id=\"9b8538a\" data-element_type=\"container\" data-e-type=\"container\" data-settings=\"{&quot;jet_parallax_layout_list&quot;:[],&quot;background_background&quot;:&quot;classic&quot;}\">\n\t\t<div class=\"elementor-element elementor-element-24ad6f9 e-con-full elementor-hidden-desktop elementor-hidden-laptop elementor-hidden-tablet elementor-hidden-mobile e-flex e-con e-child\" data-id=\"24ad6f9\" data-element_type=\"container\" data-e-type=\"container\" data-settings=\"{&quot;jet_parallax_layout_list&quot;:[],&quot;background_background&quot;:&quot;classic&quot;}\">\n\t\t\t\t<div class=\"elementor-element elementor-element-2afaacc elementor-widget elementor-widget-image\" data-id=\"2afaacc\" data-element_type=\"widget\" data-e-type=\"widget\" data-widget_type=\"image.default\">\n\t\t\t\t<div class=\"elementor-widget-container\">\n\t\t\t\t\t\t\t\t\t\t\t\t\t\t\t<img alt=\"\" decoding=\"async\" width=\"173\" height=\"108\" src=\"https:\/\/want2work.nl\/wp-content\/uploads\/2025\/04\/NEN-4400-1.svg\" class=\"attachment-full size-full wp-image-6175\" \/>\t\t\t\t\t\t\t\t\t\t\t\t\t\t\t<\/div>\n\t\t\t\t<\/div>\n\t\t\t\t<div class=\"elementor-element elementor-element-ce8bc78 animated-fast elementor-invisible elementor-widget elementor-widget-text-editor\" data-id=\"ce8bc78\" data-element_type=\"widget\" data-e-type=\"widget\" data-settings=\"{&quot;_animation&quot;:&quot;fadeInUp&quot;}\" data-widget_type=\"text-editor.default\">\n\t\t\t\t<div class=\"elementor-widget-container\">\n\t\t\t\t\t\t\t\t\t<p>Want 2 Work cumple la norma NEN 4400-1, una marca de calidad para organizaciones que proporcionan personal, como empresas de dotaci\u00f3n de personal y n\u00f3minas. Esta norma impone requisitos estrictos a nuestra administraci\u00f3n de personal y n\u00f3minas y comprueba que cumplimos todas las obligaciones legales. Entre ellas se incluyen las remesas, los controles de identidad y el derecho al trabajo. Gracias a esta certificaci\u00f3n, los clientes pueden confiar en que operamos de forma transparente y fiable en el mercado laboral.<\/p>\t\t\t\t\t\t\t\t<\/div>\n\t\t\t\t<\/div>\n\t\t\t\t<\/div>\n\t\t<div class=\"elementor-element elementor-element-3254476 e-con-full e-flex e-con e-child\" data-id=\"3254476\" data-element_type=\"container\" data-e-type=\"container\" data-settings=\"{&quot;jet_parallax_layout_list&quot;:[],&quot;background_background&quot;:&quot;classic&quot;}\">\n\t\t\t\t<div class=\"elementor-element elementor-element-3ecb503 elementor-widget elementor-widget-image\" data-id=\"3ecb503\" data-element_type=\"widget\" data-e-type=\"widget\" data-widget_type=\"image.default\">\n\t\t\t\t<div class=\"elementor-widget-container\">\n\t\t\t\t\t\t\t\t\t\t\t\t\t\t\t<img alt=\"\" decoding=\"async\" width=\"147\" height=\"91\" src=\"https:\/\/want2work.nl\/wp-content\/uploads\/2024\/03\/Snf.svg\" class=\"attachment-full size-full wp-image-1250\" \/>\t\t\t\t\t\t\t\t\t\t\t\t\t\t\t<\/div>\n\t\t\t\t<\/div>\n\t\t\t\t<div class=\"elementor-element elementor-element-1eded02 animated-fast elementor-invisible elementor-widget elementor-widget-text-editor\" data-id=\"1eded02\" data-element_type=\"widget\" data-e-type=\"widget\" data-settings=\"{&quot;_animation&quot;:&quot;fadeInUp&quot;}\" data-widget_type=\"text-editor.default\">\n\t\t\t\t<div class=\"elementor-widget-container\">\n\t\t\t\t\t\t\t\t\tPara las organizaciones que ofrecen alojamiento a trabajadores inmigrantes, existe la marca de calidad SNF de la Stichting Normering Flexwonen. Want 2 Work posee este certificado desde hace muchos a\u00f1os. Todos los a\u00f1os se realiza una auditor\u00eda independiente para comprobar si nuestros alojamientos cumplen las normas establecidas en materia de seguridad, privacidad y habitabilidad.<br><br>\nCon este sello, demostramos que proporcionamos un alojamiento bueno y responsable a nuestros empleados.\n\t\t\t\t\t\t\t\t<\/div>\n\t\t\t\t<\/div>\n\t\t\t\t<\/div>\n\t\t\t\t<\/div>\n\t\t<div class=\"elementor-element elementor-element-9d58619 e-con-full e-flex e-con e-parent\" data-id=\"9d58619\" data-element_type=\"container\" data-e-type=\"container\" data-settings=\"{&quot;jet_parallax_layout_list&quot;:[],&quot;background_background&quot;:&quot;classic&quot;}\">\n\t\t<div class=\"elementor-element elementor-element-4d5da56 e-con-full e-flex e-con e-child\" data-id=\"4d5da56\" data-element_type=\"container\" data-e-type=\"container\" data-settings=\"{&quot;jet_parallax_layout_list&quot;:[],&quot;background_background&quot;:&quot;classic&quot;}\">\n\t\t\t\t<div class=\"elementor-element elementor-element-ab28836 elementor-widget elementor-widget-image\" data-id=\"ab28836\" data-element_type=\"widget\" data-e-type=\"widget\" data-widget_type=\"image.default\">\n\t\t\t\t<div class=\"elementor-widget-container\">\n\t\t\t\t\t\t\t\t\t\t\t\t\t\t\t<img alt=\"\" decoding=\"async\" width=\"311\" height=\"81\" src=\"https:\/\/want2work.nl\/wp-content\/uploads\/2024\/03\/SNA.svg\" class=\"attachment-full size-full wp-image-1251\" \/>\t\t\t\t\t\t\t\t\t\t\t\t\t\t\t<\/div>\n\t\t\t\t<\/div>\n\t\t\t\t<div class=\"elementor-element elementor-element-f53f2fb animated-fast elementor-invisible elementor-widget elementor-widget-text-editor\" data-id=\"f53f2fb\" data-element_type=\"widget\" data-e-type=\"widget\" data-settings=\"{&quot;_animation&quot;:&quot;fadeInUp&quot;}\" data-widget_type=\"text-editor.default\">\n\t\t\t\t<div class=\"elementor-widget-container\">\n\t\t\t\t\t\t\t\t\t<p>Want 2 Work est\u00e1 afiliada a la Stichting Normering Arbeid (SNA) e incluida en el registro oficial de empresas financieramente fiables. Esta marca de calidad demuestra que cumplimos requisitos estrictos, como el pago correcto de los impuestos sobre n\u00f3minas y el IVA, el cumplimiento de la Ley del Salario M\u00ednimo y la realizaci\u00f3n correcta de controles de identidad. Tambi\u00e9n comprueba que nuestros empleados est\u00e1n autorizados a trabajar en los Pa\u00edses Bajos.<br \/>Con este sello de aprobaci\u00f3n, demostramos que somos fiables y que actuamos de acuerdo con las leyes y normativas aplicables.<\/p>\t\t\t\t\t\t\t\t<\/div>\n\t\t\t\t<\/div>\n\t\t\t\t<\/div>\n\t\t<div class=\"elementor-element elementor-element-632d65f e-con-full e-flex e-con e-child\" data-id=\"632d65f\" data-element_type=\"container\" data-e-type=\"container\" data-settings=\"{&quot;jet_parallax_layout_list&quot;:[],&quot;background_background&quot;:&quot;classic&quot;}\">\n\t\t\t\t<div class=\"elementor-element elementor-element-361d72d elementor-widget elementor-widget-image\" data-id=\"361d72d\" data-element_type=\"widget\" data-e-type=\"widget\" data-widget_type=\"image.default\">\n\t\t\t\t<div class=\"elementor-widget-container\">\n\t\t\t\t\t\t\t\t\t\t\t\t\t\t\t<img alt=\"\" loading=\"lazy\" decoding=\"async\" width=\"108\" height=\"108\" src=\"https:\/\/want2work.nl\/wp-content\/uploads\/2025\/04\/ABU-Keurmerk.svg\" class=\"attachment-full size-full wp-image-6177\" \/>\t\t\t\t\t\t\t\t\t\t\t\t\t\t\t<\/div>\n\t\t\t\t<\/div>\n\t\t\t\t<div class=\"elementor-element elementor-element-0fc552d animated-fast elementor-invisible elementor-widget elementor-widget-text-editor\" data-id=\"0fc552d\" data-element_type=\"widget\" data-e-type=\"widget\" data-settings=\"{&quot;_animation&quot;:&quot;fadeInUp&quot;}\" data-widget_type=\"text-editor.default\">\n\t\t\t\t<div class=\"elementor-widget-container\">\n\t\t\t\t\t\t\t\t\t<p>Want 2 Work es miembro de la ABU, la asociaci\u00f3n profesional de empresas de trabajo temporal que representa la calidad y la fiabilidad. Como miembro de ABU, nos sometemos peri\u00f3dicamente a auditor\u00edas de nuestras obligaciones financieras, como el pago de impuestos y cotizaciones a la seguridad social. Instituciones independientes comprueban tambi\u00e9n si nuestro control documental se lleva a cabo cuidadosa y correctamente. Dos veces al a\u00f1o, un organismo acreditado realiza una auditor\u00eda exhaustiva. As\u00ed nos aseguramos de que cumplimos todas las leyes y reglamentos aplicables, as\u00ed como las estrictas normas de calidad del sector.<\/p>\t\t\t\t\t\t\t\t<\/div>\n\t\t\t\t<\/div>\n\t\t\t\t<\/div>\n\t\t\t\t<\/div>\n\t\t\t\t<\/div>","protected":false},"excerpt":{"rendered":"<p>Certificering \/ Samenwerkingspartners Want 2 Work voldoet aan de NEN 4400-1 norm, een keurmerk voor organisaties die personeel ter beschikking stellen, zoals uitzend- en payrollbedrijven. Deze norm stelt strenge eisen aan onze personeels- en loonadministratie en controleert of we voldoen aan alle wettelijke verplichtingen. Denk hierbij aan afdrachten, identiteitscontrole en het recht op arbeid. Dankzij [&hellip;]<\/p>\n","protected":false},"author":4,"featured_media":0,"parent":0,"menu_order":2,"comment_status":"closed","ping_status":"closed","template":"","meta":{"_seopress_robots_primary_cat":"","_seopress_titles_title":"","_seopress_titles_desc":"","_seopress_robots_index":"","footnotes":""},"class_list":["post-6580","page","type-page","status-publish","hentry"],"_links":{"self":[{"href":"https:\/\/want2work.nl\/es\/wp-json\/wp\/v2\/pages\/6580","targetHints":{"allow":["GET"]}}],"collection":[{"href":"https:\/\/want2work.nl\/es\/wp-json\/wp\/v2\/pages"}],"about":[{"href":"https:\/\/want2work.nl\/es\/wp-json\/wp\/v2\/types\/page"}],"author":[{"embeddable":true,"href":"https:\/\/want2work.nl\/es\/wp-json\/wp\/v2\/users\/4"}],"replies":[{"embeddable":true,"href":"https:\/\/want2work.nl\/es\/wp-json\/wp\/v2\/comments?post=6580"}],"version-history":[{"count":10,"href":"https:\/\/want2work.nl\/es\/wp-json\/wp\/v2\/pages\/6580\/revisions"}],"predecessor-version":[{"id":11395,"href":"https:\/\/want2work.nl\/es\/wp-json\/wp\/v2\/pages\/6580\/revisions\/11395"}],"wp:attachment":[{"href":"https:\/\/want2work.nl\/es\/wp-json\/wp\/v2\/media?parent=6580"}],"curies":[{"name":"wp","href":"https:\/\/api.w.org\/{rel}","templated":true}]}}