{"id":1046,"date":"2024-03-26T15:44:45","date_gmt":"2024-03-26T14:44:45","guid":{"rendered":"https:\/\/want2work.nl\/?page_id=1046"},"modified":"2025-06-19T12:00:01","modified_gmt":"2025-06-19T10:00:01","slug":"over-ons","status":"publish","type":"page","link":"https:\/\/want2work.nl\/es\/over-ons\/","title":{"rendered":"Qui\u00e9nes somos"},"content":{"rendered":"<div data-elementor-type=\"wp-page\" data-elementor-id=\"1046\" class=\"elementor elementor-1046\" data-elementor-post-type=\"page\">\n\t\t\t\t<div class=\"elementor-element elementor-element-c92e166 e-con-full e-flex e-con e-parent\" data-id=\"c92e166\" data-element_type=\"container\" data-e-type=\"container\" id=\"over-ons\" data-settings=\"{&quot;jet_parallax_layout_list&quot;:[],&quot;background_background&quot;:&quot;classic&quot;}\">\n\t\t<div class=\"elementor-element elementor-element-79f20ac animated-fast e-flex e-con-boxed elementor-invisible e-con e-child\" data-id=\"79f20ac\" data-element_type=\"container\" data-e-type=\"container\" data-settings=\"{&quot;jet_parallax_layout_list&quot;:[],&quot;animation&quot;:&quot;fadeInUp&quot;}\">\n\t\t\t\t\t<div class=\"e-con-inner\">\n\t\t\t\t<div class=\"elementor-element elementor-element-83dd286 elementor-widget elementor-widget-image\" data-id=\"83dd286\" data-element_type=\"widget\" data-e-type=\"widget\" data-widget_type=\"image.default\">\n\t\t\t\t<div class=\"elementor-widget-container\">\n\t\t\t\t\t\t\t\t\t\t\t\t\t\t\t<img alt=\"\" fetchpriority=\"high\" decoding=\"async\" width=\"2048\" height=\"1366\" src=\"https:\/\/want2work.nl\/wp-content\/uploads\/2025\/04\/008_20250224_LotsofLieke_Angrisa_Want2work_LR.jpg\" class=\"attachment-full size-full wp-image-6279\" \/>\t\t\t\t\t\t\t\t\t\t\t\t\t\t\t<\/div>\n\t\t\t\t<\/div>\n\t\t\t\t\t<\/div>\n\t\t\t\t<\/div>\n\t\t<div class=\"elementor-element elementor-element-1c890fc animated-fast e-flex e-con-boxed elementor-invisible e-con e-child\" data-id=\"1c890fc\" data-element_type=\"container\" data-e-type=\"container\" data-settings=\"{&quot;jet_parallax_layout_list&quot;:[],&quot;animation&quot;:&quot;fadeInUp&quot;}\">\n\t\t\t\t\t<div class=\"e-con-inner\">\n\t\t\t\t<div class=\"elementor-element elementor-element-8bb2e66 elementor-widget-mobile__width-initial animated-fast elementor-invisible elementor-widget elementor-widget-heading\" data-id=\"8bb2e66\" data-element_type=\"widget\" data-e-type=\"widget\" data-settings=\"{&quot;_animation&quot;:&quot;fadeInUp&quot;}\" data-widget_type=\"heading.default\">\n\t\t\t\t<div class=\"elementor-widget-container\">\n\t\t\t\t\t<h1 class=\"elementor-heading-title elementor-size-default\">Qui\u00e9nes somos<\/h1>\t\t\t\t<\/div>\n\t\t\t\t<\/div>\n\t\t\t\t<div class=\"elementor-element elementor-element-0f1c4b0 animated-fast elementor-invisible elementor-widget elementor-widget-text-editor\" data-id=\"0f1c4b0\" data-element_type=\"widget\" data-e-type=\"widget\" data-settings=\"{&quot;_animation&quot;:&quot;fadeInUp&quot;}\" data-widget_type=\"text-editor.default\">\n\t\t\t\t<div class=\"elementor-widget-container\">\n\t\t\t\t\t\t\t\t\t<p>Para nosotros, el trabajo es m\u00e1s que un ingreso. Ofrece oportunidades para crecer, utilizar talentos y sentirse realizado. Por eso miramos m\u00e1s all\u00e1 de un CV. Unimos personalidad, capacidades y ambiciones con el entorno laboral adecuado.<\/p><p>Ya se trate de una asignaci\u00f3n flexible, un puesto permanente o algo intermedio: con nosotros, se trata de trabajo que encaja. Para usted y para nuestros clientes.<\/p>\t\t\t\t\t\t\t\t<\/div>\n\t\t\t\t<\/div>\n\t\t\t\t\t<\/div>\n\t\t\t\t<\/div>\n\t\t\t\t<\/div>\n\t\t<div class=\"elementor-element elementor-element-65ebd38 e-con-full e-flex e-con e-parent\" data-id=\"65ebd38\" data-element_type=\"container\" data-e-type=\"container\" id=\"onze-waarden\" data-settings=\"{&quot;background_background&quot;:&quot;classic&quot;,&quot;jet_parallax_layout_list&quot;:[]}\">\n\t\t<div class=\"elementor-element elementor-element-f52501c e-con-full e-flex e-con e-child\" data-id=\"f52501c\" data-element_type=\"container\" data-e-type=\"container\" data-settings=\"{&quot;jet_parallax_layout_list&quot;:[]}\">\n\t\t\t\t<div class=\"elementor-element elementor-element-3685cc3 elementor-widget-mobile__width-initial animated-fast elementor-invisible elementor-widget elementor-widget-heading\" data-id=\"3685cc3\" data-element_type=\"widget\" data-e-type=\"widget\" data-settings=\"{&quot;_animation&quot;:&quot;fadeInUp&quot;}\" data-widget_type=\"heading.default\">\n\t\t\t\t<div class=\"elementor-widget-container\">\n\t\t\t\t\t<h1 class=\"elementor-heading-title elementor-size-default\">Visi\u00f3n<\/h1>\t\t\t\t<\/div>\n\t\t\t\t<\/div>\n\t\t\t\t<div class=\"elementor-element elementor-element-29a8f32 animated-fast elementor-invisible elementor-widget elementor-widget-text-editor\" data-id=\"29a8f32\" data-element_type=\"widget\" data-e-type=\"widget\" data-settings=\"{&quot;_animation&quot;:&quot;fadeInUp&quot;}\" data-widget_type=\"text-editor.default\">\n\t\t\t\t<div class=\"elementor-widget-container\">\n\t\t\t\t\t\t\t\t\t<p>Creemos que cuando se da prioridad a las personas, se crean entornos de trabajo en los que la gente realmente quiere trabajar.<\/p>\t\t\t\t\t\t\t\t<\/div>\n\t\t\t\t<\/div>\n\t\t\t\t<\/div>\n\t\t<div class=\"elementor-element elementor-element-85e5923 e-con-full e-flex e-con e-child\" data-id=\"85e5923\" data-element_type=\"container\" data-e-type=\"container\" data-settings=\"{&quot;jet_parallax_layout_list&quot;:[]}\">\n\t\t\t\t<div class=\"elementor-element elementor-element-0529773 elementor-widget-mobile__width-initial animated-fast elementor-invisible elementor-widget elementor-widget-heading\" data-id=\"0529773\" data-element_type=\"widget\" data-e-type=\"widget\" data-settings=\"{&quot;_animation&quot;:&quot;fadeInUp&quot;}\" data-widget_type=\"heading.default\">\n\t\t\t\t<div class=\"elementor-widget-container\">\n\t\t\t\t\t<h1 class=\"elementor-heading-title elementor-size-default\">Misi\u00f3n<\/h1>\t\t\t\t<\/div>\n\t\t\t\t<\/div>\n\t\t\t\t<div class=\"elementor-element elementor-element-bbc7947 animated-fast elementor-invisible elementor-widget elementor-widget-text-editor\" data-id=\"bbc7947\" data-element_type=\"widget\" data-e-type=\"widget\" data-settings=\"{&quot;_animation&quot;:&quot;fadeInUp&quot;}\" data-widget_type=\"text-editor.default\">\n\t\t\t\t<div class=\"elementor-widget-container\">\n\t\t\t\t\t\t\t\t\t<p>Guiamos a las personas y a las empresas mientras trabajan, conectando el talento y los retos operativos. As\u00ed nos aseguramos de que las empresas alcancen sus objetivos y los empleados puedan ejercer su impacto positivo.<\/p>\t\t\t\t\t\t\t\t<\/div>\n\t\t\t\t<\/div>\n\t\t\t\t<\/div>\n\t\t<div class=\"elementor-element elementor-element-c4e7ee2 e-con-full e-flex e-con e-child\" data-id=\"c4e7ee2\" data-element_type=\"container\" data-e-type=\"container\" data-settings=\"{&quot;jet_parallax_layout_list&quot;:[]}\">\n\t\t\t\t<div class=\"elementor-element elementor-element-4ecf586 elementor-widget-mobile__width-initial animated-fast elementor-invisible elementor-widget elementor-widget-heading\" data-id=\"4ecf586\" data-element_type=\"widget\" data-e-type=\"widget\" data-settings=\"{&quot;_animation&quot;:&quot;fadeInUp&quot;}\" data-widget_type=\"heading.default\">\n\t\t\t\t<div class=\"elementor-widget-container\">\n\t\t\t\t\t<h1 class=\"elementor-heading-title elementor-size-default\">valores fundamentales<\/h1>\t\t\t\t<\/div>\n\t\t\t\t<\/div>\n\t\t\t\t<div class=\"elementor-element elementor-element-4d8c2a4 elementor-widget elementor-widget-n-accordion\" data-id=\"4d8c2a4\" data-element_type=\"widget\" data-e-type=\"widget\" data-settings=\"{&quot;default_state&quot;:&quot;all_collapsed&quot;,&quot;n_accordion_animation_duration&quot;:{&quot;unit&quot;:&quot;ms&quot;,&quot;size&quot;:0,&quot;sizes&quot;:[]},&quot;max_items_expended&quot;:&quot;one&quot;}\" data-widget_type=\"nested-accordion.default\">\n\t\t\t\t<div class=\"elementor-widget-container\">\n\t\t\t\t\t\t\t<div class=\"e-n-accordion\" aria-label=\"Acorde\u00f3n. Abra los enlaces con Intro o Espacio, ci\u00e9rrelos con Escape y navegue con las teclas de flecha.\">\n\t\t\t\t\t\t<details id=\"e-n-accordion-item-8130\" class=\"e-n-accordion-item\" >\n\t\t\t\t<summary class=\"e-n-accordion-item-title\" data-accordion-index=\"1\" tabindex=\"0\" aria-expanded=\"false\" aria-controls=\"e-n-accordion-item-8130\" >\n\t\t\t\t\t<span class='e-n-accordion-item-title-header'><div class=\"e-n-accordion-item-title-text\"> Propiedad <\/div><\/span>\n\t\t\t\t\t\t\t\t\t<\/summary>\n\t\t\t\t<div role=\"region\" aria-labelledby=\"e-n-accordion-item-8130\" class=\"elementor-element elementor-element-616f74d e-con-full e-flex e-con e-child\" data-id=\"616f74d\" data-element_type=\"container\" data-e-type=\"container\" data-settings=\"{&quot;jet_parallax_layout_list&quot;:[]}\">\n\t\t\t\t<\/div>\n\t\t\t\t\t<\/details>\n\t\t\t\t\t\t<details id=\"e-n-accordion-item-8131\" class=\"e-n-accordion-item\" >\n\t\t\t\t<summary class=\"e-n-accordion-item-title\" data-accordion-index=\"2\" tabindex=\"-1\" aria-expanded=\"false\" aria-controls=\"e-n-accordion-item-8131\" >\n\t\t\t\t\t<span class='e-n-accordion-item-title-header'><div class=\"e-n-accordion-item-title-text\"> Valent\u00eda <\/div><\/span>\n\t\t\t\t\t\t\t\t\t<\/summary>\n\t\t\t\t<div role=\"region\" aria-labelledby=\"e-n-accordion-item-8131\" class=\"elementor-element elementor-element-f3bb37b e-con-full e-flex e-con e-child\" data-id=\"f3bb37b\" data-element_type=\"container\" data-e-type=\"container\" data-settings=\"{&quot;jet_parallax_layout_list&quot;:[]}\">\n\t\t\t\t<\/div>\n\t\t\t\t\t<\/details>\n\t\t\t\t\t\t<details id=\"e-n-accordion-item-8132\" class=\"e-n-accordion-item\" >\n\t\t\t\t<summary class=\"e-n-accordion-item-title\" data-accordion-index=\"3\" tabindex=\"-1\" aria-expanded=\"false\" aria-controls=\"e-n-accordion-item-8132\" >\n\t\t\t\t\t<span class='e-n-accordion-item-title-header'><div class=\"e-n-accordion-item-title-text\"> Juntos <\/div><\/span>\n\t\t\t\t\t\t\t\t\t<\/summary>\n\t\t\t\t<div role=\"region\" aria-labelledby=\"e-n-accordion-item-8132\" class=\"elementor-element elementor-element-2f0a1b7 e-con-full e-flex e-con e-child\" data-id=\"2f0a1b7\" data-element_type=\"container\" data-e-type=\"container\" data-settings=\"{&quot;jet_parallax_layout_list&quot;:[]}\">\n\t\t\t\t<\/div>\n\t\t\t\t\t<\/details>\n\t\t\t\t\t\t<details id=\"e-n-accordion-item-8133\" class=\"e-n-accordion-item\" >\n\t\t\t\t<summary class=\"e-n-accordion-item-title\" data-accordion-index=\"4\" tabindex=\"-1\" aria-expanded=\"false\" aria-controls=\"e-n-accordion-item-8133\" >\n\t\t\t\t\t<span class='e-n-accordion-item-title-header'><div class=\"e-n-accordion-item-title-text\"> Diversi\u00f3n <\/div><\/span>\n\t\t\t\t\t\t\t\t\t<\/summary>\n\t\t\t\t<div role=\"region\" aria-labelledby=\"e-n-accordion-item-8133\" class=\"elementor-element elementor-element-3bbf813 e-flex e-con-boxed e-con e-child\" data-id=\"3bbf813\" data-element_type=\"container\" data-e-type=\"container\" data-settings=\"{&quot;jet_parallax_layout_list&quot;:[]}\">\n\t\t\t\t\t<div class=\"e-con-inner\">\n\t\t\t\t\t<\/div>\n\t\t\t\t<\/div>\n\t\t\t\t\t<\/details>\n\t\t\t\t\t<\/div>\n\t\t\t\t\t\t<\/div>\n\t\t\t\t<\/div>\n\t\t\t\t<\/div>\n\t\t\t\t<\/div>\n\t\t<div class=\"elementor-element elementor-element-7d0a80b e-con-full e-flex e-con e-parent\" data-id=\"7d0a80b\" data-element_type=\"container\" data-e-type=\"container\" data-settings=\"{&quot;jet_parallax_layout_list&quot;:[],&quot;background_background&quot;:&quot;classic&quot;}\">\n\t\t<div class=\"elementor-element elementor-element-7e2e142 animated-fast e-con-full e-flex elementor-invisible e-con e-child\" data-id=\"7e2e142\" data-element_type=\"container\" data-e-type=\"container\" data-settings=\"{&quot;jet_parallax_layout_list&quot;:[],&quot;animation&quot;:&quot;fadeInUp&quot;}\">\n\t\t\t\t<div class=\"elementor-element elementor-element-652210f elementor-widget-mobile__width-initial animated-fast elementor-invisible elementor-widget elementor-widget-heading\" data-id=\"652210f\" data-element_type=\"widget\" data-e-type=\"widget\" data-settings=\"{&quot;_animation&quot;:&quot;fadeInUp&quot;}\" data-widget_type=\"heading.default\">\n\t\t\t\t<div class=\"elementor-widget-container\">\n\t\t\t\t\t<h1 class=\"elementor-heading-title elementor-size-default\">\u00a1Funciona, funciona!<\/h1>\t\t\t\t<\/div>\n\t\t\t\t<\/div>\n\t\t\t\t<div class=\"elementor-element elementor-element-6ebf55f animated-fast elementor-invisible elementor-widget elementor-widget-text-editor\" data-id=\"6ebf55f\" data-element_type=\"widget\" data-e-type=\"widget\" data-settings=\"{&quot;_animation&quot;:&quot;fadeInUp&quot;}\" data-widget_type=\"text-editor.default\">\n\t\t\t\t<div class=\"elementor-widget-container\">\n\t\t\t\t\t\t\t\t\t<p>Durante muchos a\u00f1os, Want 2 Work ha sido un socio fiable para la contrataci\u00f3n de personal y mucho m\u00e1s. Construimos relaciones a largo plazo con nuestros clientes y candidatos, con una comunicaci\u00f3n clara y unas l\u00edneas de comunicaci\u00f3n cortas como base.<\/p><p>Pero hacemos algo m\u00e1s que transmitir. Somos un equipo de personas apasionadas que creen en el poder de la conexi\u00f3n. Cada d\u00eda unimos talento y trabajo, a escala local e internacional. Ayudamos a los demandantes de empleo a encontrar el trabajo que realmente les conviene y a los empresarios a encontrar empleados motivados de toda Europa.<\/p><p>En Want 2 Work, miramos m\u00e1s all\u00e1 de los CV. Le escuchamos, pensamos con usted y no rehuimos los retos. Nos responsabilizamos tanto del partido como de las personas que hay detr\u00e1s del trabajo.<\/p><p>Porque eso es lo que representamos: trabajo que funciona. Para todos. Crezcamos juntos y acertemos.<\/p>\t\t\t\t\t\t\t\t<\/div>\n\t\t\t\t<\/div>\n\t\t\t\t<div class=\"elementor-element elementor-element-60e4b43 animated-fast elementor-tablet-align-center elementor-invisible elementor-widget elementor-widget-button\" data-id=\"60e4b43\" data-element_type=\"widget\" data-e-type=\"widget\" data-settings=\"{&quot;_animation&quot;:&quot;fadeInUp&quot;}\" data-widget_type=\"button.default\">\n\t\t\t\t<div class=\"elementor-widget-container\">\n\t\t\t\t\t\t\t\t\t<div class=\"elementor-button-wrapper\">\n\t\t\t\t\t<a class=\"elementor-button elementor-button-link elementor-size-sm elementor-animation-shrink\" href=\"https:\/\/want2work.nl\/es\/contact\/\">\n\t\t\t\t\t\t<span class=\"elementor-button-content-wrapper\">\n\t\t\t\t\t\t\t\t\t<span class=\"elementor-button-text\">P\u00f3ngase en contacto<\/span>\n\t\t\t\t\t<\/span>\n\t\t\t\t\t<\/a>\n\t\t\t\t<\/div>\n\t\t\t\t\t\t\t\t<\/div>\n\t\t\t\t<\/div>\n\t\t\t\t<\/div>\n\t\t\t\t<\/div>\n\t\t<div class=\"elementor-element elementor-element-89a6876 e-con-full e-flex e-con e-parent\" data-id=\"89a6876\" data-element_type=\"container\" data-e-type=\"container\" id=\"geschiedenis\" data-settings=\"{&quot;jet_parallax_layout_list&quot;:[],&quot;background_background&quot;:&quot;classic&quot;}\">\n\t\t<div class=\"elementor-element elementor-element-de5f505 animated-fast e-flex e-con-boxed elementor-invisible e-con e-child\" data-id=\"de5f505\" data-element_type=\"container\" data-e-type=\"container\" data-settings=\"{&quot;jet_parallax_layout_list&quot;:[],&quot;animation&quot;:&quot;fadeInUp&quot;}\">\n\t\t\t\t\t<div class=\"e-con-inner\">\n\t\t\t\t<div class=\"elementor-element elementor-element-415f058 elementor-widget elementor-widget-image\" data-id=\"415f058\" data-element_type=\"widget\" data-e-type=\"widget\" data-widget_type=\"image.default\">\n\t\t\t\t<div class=\"elementor-widget-container\">\n\t\t\t\t\t\t\t\t\t\t\t\t\t\t\t<img alt=\"\" decoding=\"async\" width=\"2048\" height=\"1365\" src=\"https:\/\/want2work.nl\/wp-content\/uploads\/2025\/06\/015_20240312_LotsofLieke_Angrisa_FactsNumbers_LR.jpg\" class=\"attachment-full size-full wp-image-6781\" \/>\t\t\t\t\t\t\t\t\t\t\t\t\t\t\t<\/div>\n\t\t\t\t<\/div>\n\t\t\t\t\t<\/div>\n\t\t\t\t<\/div>\n\t\t<div class=\"elementor-element elementor-element-efc949d animated-fast e-flex e-con-boxed elementor-invisible e-con e-child\" data-id=\"efc949d\" data-element_type=\"container\" data-e-type=\"container\" data-settings=\"{&quot;jet_parallax_layout_list&quot;:[],&quot;animation&quot;:&quot;fadeInUp&quot;}\">\n\t\t\t\t\t<div class=\"e-con-inner\">\n\t\t\t\t<div class=\"elementor-element elementor-element-d3d6837 elementor-widget-mobile__width-initial animated-fast elementor-invisible elementor-widget elementor-widget-heading\" data-id=\"d3d6837\" data-element_type=\"widget\" data-e-type=\"widget\" data-settings=\"{&quot;_animation&quot;:&quot;fadeInUp&quot;}\" data-widget_type=\"heading.default\">\n\t\t\t\t<div class=\"elementor-widget-container\">\n\t\t\t\t\t<h1 class=\"elementor-heading-title elementor-size-default\">Nuestro viaje<\/h1>\t\t\t\t<\/div>\n\t\t\t\t<\/div>\n\t\t\t\t<div class=\"elementor-element elementor-element-cce01e8 animated-fast elementor-invisible elementor-widget elementor-widget-text-editor\" data-id=\"cce01e8\" data-element_type=\"widget\" data-e-type=\"widget\" data-settings=\"{&quot;_animation&quot;:&quot;fadeInUp&quot;}\" data-widget_type=\"text-editor.default\">\n\t\t\t\t<div class=\"elementor-widget-container\">\n\t\t\t\t\t\t\t\t\t<p>El 14 de agosto de 1992, Bertie van Rooij empez\u00f3 con un objetivo claro: crear oportunidades para las personas y prestar apoyo a las empresas que quieren avanzar. As\u00ed naci\u00f3 Want 2 Work.<\/p><p>Lo que en su d\u00eda comenz\u00f3 como un actor regional se convirti\u00f3 en un especialista internacional en log\u00edstica y producci\u00f3n. Con un ojo puesto en la combinaci\u00f3n adecuada y un fuerte enfoque en la cooperaci\u00f3n, somos un socio fiable para trabajadores y empresarios flexibles.<\/p><p>Desde 1992, unimos personas y trabajo. Seguimos haci\u00e9ndolo, cada d\u00eda, con pleno compromiso y la vista puesta en el futuro.<\/p>\t\t\t\t\t\t\t\t<\/div>\n\t\t\t\t<\/div>\n\t\t\t\t\t<\/div>\n\t\t\t\t<\/div>\n\t\t\t\t<\/div>\n\t\t<div class=\"elementor-element elementor-element-ff1a3d3 e-con-full e-flex e-con e-parent\" data-id=\"ff1a3d3\" data-element_type=\"container\" data-e-type=\"container\" id=\"angrisa-group\" data-settings=\"{&quot;background_background&quot;:&quot;classic&quot;,&quot;jet_parallax_layout_list&quot;:[]}\">\n\t\t<div class=\"elementor-element elementor-element-0b6caa4 e-con-full e-flex e-con e-child\" data-id=\"0b6caa4\" data-element_type=\"container\" data-e-type=\"container\" data-settings=\"{&quot;jet_parallax_layout_list&quot;:[]}\">\n\t\t\t\t<div class=\"elementor-element elementor-element-0e3595f elementor-widget-mobile__width-initial animated-fast elementor-invisible elementor-widget elementor-widget-heading\" data-id=\"0e3595f\" data-element_type=\"widget\" data-e-type=\"widget\" data-settings=\"{&quot;_animation&quot;:&quot;fadeInUp&quot;,&quot;_animation_delay&quot;:300}\" data-widget_type=\"heading.default\">\n\t\t\t\t<div class=\"elementor-widget-container\">\n\t\t\t\t\t<h1 class=\"elementor-heading-title elementor-size-default\">Angrisa Group<\/h1>\t\t\t\t<\/div>\n\t\t\t\t<\/div>\n\t\t\t\t<div class=\"elementor-element elementor-element-1b9b18e elementor-widget-mobile__width-initial animated-fast elementor-invisible elementor-widget elementor-widget-heading\" data-id=\"1b9b18e\" data-element_type=\"widget\" data-e-type=\"widget\" data-settings=\"{&quot;_animation&quot;:&quot;fadeInUp&quot;}\" data-widget_type=\"heading.default\">\n\t\t\t\t<div class=\"elementor-widget-container\">\n\t\t\t\t\t<h1 class=\"elementor-heading-title elementor-size-default\">Una familia <br>de empresas<\/h1>\t\t\t\t<\/div>\n\t\t\t\t<\/div>\n\t\t\t\t<\/div>\n\t\t<div class=\"elementor-element elementor-element-96cea2e e-con-full e-flex e-con e-child\" data-id=\"96cea2e\" data-element_type=\"container\" data-e-type=\"container\" data-settings=\"{&quot;jet_parallax_layout_list&quot;:[]}\">\n\t\t\t\t<div class=\"elementor-element elementor-element-dded493 animated-fast elementor-invisible elementor-widget elementor-widget-text-editor\" data-id=\"dded493\" data-element_type=\"widget\" data-e-type=\"widget\" data-settings=\"{&quot;_animation&quot;:&quot;fadeInUp&quot;}\" data-widget_type=\"text-editor.default\">\n\t\t\t\t<div class=\"elementor-widget-container\">\n\t\t\t\t\t\t\t\t\t<p>Want 2 Work forma parte de Angrisa Group, el nexo de uni\u00f3n entre Stuwarooij, Certa Rental, The Facts and Numbers Company y nosotros.<\/p><p>Como familia unida de empresas, aunamos esfuerzos para obtener lo mejor no s\u00f3lo de nuestras organizaciones, sino especialmente de las personas que trabajan en ellas.<\/p>\t\t\t\t\t\t\t\t<\/div>\n\t\t\t\t<\/div>\n\t\t\t\t<\/div>\n\t\t<div class=\"elementor-element elementor-element-12a8905 e-con-full e-flex e-con e-child\" data-id=\"12a8905\" data-element_type=\"container\" data-e-type=\"container\" data-settings=\"{&quot;jet_parallax_layout_list&quot;:[]}\">\n\t\t\t\t<div class=\"elementor-element elementor-element-cd15a20 animated-fast elementor-invisible elementor-widget elementor-widget-text-editor\" data-id=\"cd15a20\" data-element_type=\"widget\" data-e-type=\"widget\" data-settings=\"{&quot;_animation&quot;:&quot;fadeInUp&quot;}\" data-widget_type=\"text-editor.default\">\n\t\t\t\t<div class=\"elementor-widget-container\">\n\t\t\t\t\t\t\t\t\t<p>Dentro de esta cooperaci\u00f3n, miramos m\u00e1s all\u00e1 del empleo. Gracias al apoyo del grupo, podemos ayudar a los demandantes de empleo con alojamiento, transporte, orientaci\u00f3n y desarrollo personal. De este modo, nos aseguramos de que las personas no solo encuentren un empleo adecuado, sino que tambi\u00e9n tengan la oportunidad de crecer.<\/p>\t\t\t\t\t\t\t\t<\/div>\n\t\t\t\t<\/div>\n\t\t\t\t<\/div>\n\t\t<div class=\"elementor-element elementor-element-e4257cc e-con-full e-flex e-con e-child\" data-id=\"e4257cc\" data-element_type=\"container\" data-e-type=\"container\" data-settings=\"{&quot;jet_parallax_layout_list&quot;:[]}\">\n\t\t\t\t<div class=\"elementor-element elementor-element-800fc9c animated-fast elementor-invisible elementor-widget elementor-widget-text-editor\" data-id=\"800fc9c\" data-element_type=\"widget\" data-e-type=\"widget\" data-settings=\"{&quot;_animation&quot;:&quot;fadeInUp&quot;}\" data-widget_type=\"text-editor.default\">\n\t\t\t\t<div class=\"elementor-widget-container\">\n\t\t\t\t\t\t\t\t\t<p>Con estos s\u00f3lidos cimientos, estamos construyendo juntos un futuro en el que las personas y el esp\u00edritu empresarial ocupan un lugar central.<\/p><p><em>\u00bfQuiere saber m\u00e1s sobre el Angrisa Group? Eche un vistazo a la p\u00e1gina web.<\/em><\/p>\t\t\t\t\t\t\t\t<\/div>\n\t\t\t\t<\/div>\n\t\t\t\t<div class=\"elementor-element elementor-element-75b0c80 animated-fast elementor-invisible elementor-widget elementor-widget-button\" data-id=\"75b0c80\" data-element_type=\"widget\" data-e-type=\"widget\" data-settings=\"{&quot;_animation&quot;:&quot;fadeInUp&quot;}\" data-widget_type=\"button.default\">\n\t\t\t\t<div class=\"elementor-widget-container\">\n\t\t\t\t\t\t\t\t\t<div class=\"elementor-button-wrapper\">\n\t\t\t\t\t<a class=\"elementor-button elementor-button-link elementor-size-sm elementor-animation-shrink\" href=\"https:\/\/angrisagroup.nl\">\n\t\t\t\t\t\t<span class=\"elementor-button-content-wrapper\">\n\t\t\t\t\t\t\t\t\t<span class=\"elementor-button-text\">Visite el sitio web<\/span>\n\t\t\t\t\t<\/span>\n\t\t\t\t\t<\/a>\n\t\t\t\t<\/div>\n\t\t\t\t\t\t\t\t<\/div>\n\t\t\t\t<\/div>\n\t\t\t\t<\/div>\n\t\t\t\t<\/div>\n\t\t\t\t<\/div>","protected":false},"excerpt":{"rendered":"<p>Over ons Werk is voor ons meer dan een inkomen. Het biedt kansen om te groeien, talenten te benutten en voldoening te vinden. Daarom kijken we verder dan alleen een cv. We brengen persoonlijkheid, vaardigheden en ambities samen met de juiste werkomgeving. Of het nu gaat om een flexibele opdracht, een vaste functie of iets [&hellip;]<\/p>\n","protected":false},"author":1,"featured_media":0,"parent":0,"menu_order":2,"comment_status":"closed","ping_status":"closed","template":"","meta":{"_seopress_robots_primary_cat":"","_seopress_titles_title":"","_seopress_titles_desc":"","_seopress_robots_index":"","footnotes":""},"class_list":["post-1046","page","type-page","status-publish","hentry"],"_links":{"self":[{"href":"https:\/\/want2work.nl\/es\/wp-json\/wp\/v2\/pages\/1046","targetHints":{"allow":["GET"]}}],"collection":[{"href":"https:\/\/want2work.nl\/es\/wp-json\/wp\/v2\/pages"}],"about":[{"href":"https:\/\/want2work.nl\/es\/wp-json\/wp\/v2\/types\/page"}],"author":[{"embeddable":true,"href":"https:\/\/want2work.nl\/es\/wp-json\/wp\/v2\/users\/1"}],"replies":[{"embeddable":true,"href":"https:\/\/want2work.nl\/es\/wp-json\/wp\/v2\/comments?post=1046"}],"version-history":[{"count":10,"href":"https:\/\/want2work.nl\/es\/wp-json\/wp\/v2\/pages\/1046\/revisions"}],"predecessor-version":[{"id":7056,"href":"https:\/\/want2work.nl\/es\/wp-json\/wp\/v2\/pages\/1046\/revisions\/7056"}],"wp:attachment":[{"href":"https:\/\/want2work.nl\/es\/wp-json\/wp\/v2\/media?parent=1046"}],"curies":[{"name":"wp","href":"https:\/\/api.w.org\/{rel}","templated":true}]}}